{"id":7615,"date":"2025-01-28T09:32:59","date_gmt":"2025-01-28T09:32:59","guid":{"rendered":"https:\/\/octopussignage.com\/?page_id=7615"},"modified":"2025-01-28T09:33:00","modified_gmt":"2025-01-28T09:33:00","slug":"success-stories","status":"publish","type":"page","link":"https:\/\/octopussignage.com\/en\/success-stories\/","title":{"rendered":"Success Stories"},"content":{"rendered":"<p>You can review the success stories on the homepage.<\/p>","protected":false},"excerpt":{"rendered":"<p>You can review the success stories on the homepage.<\/p>","protected":false},"author":1,"featured_media":0,"parent":0,"menu_order":0,"comment_status":"closed","ping_status":"closed","template":"","meta":{"inline_featured_image":false,"footnotes":""},"class_list":["post-7615","page","type-page","status-publish","hentry"],"yoast_head":"<!-- This site is optimized with the Yoast SEO plugin v27.3 - https:\/\/yoast.com\/product\/yoast-seo-wordpress\/ -->\n<title>Ba\u015far\u0131 Hikayeleri - Octopus<\/title>\n<meta name=\"robots\" content=\"index, follow, max-snippet:-1, max-image-preview:large, max-video-preview:-1\" \/>\n<link rel=\"canonical\" href=\"https:\/\/octopussignage.com\/en\/success-stories\/\" \/>\n<meta property=\"og:locale\" content=\"en_US\" \/>\n<meta property=\"og:type\" content=\"article\" \/>\n<meta property=\"og:title\" content=\"Ba\u015far\u0131 Hikayeleri - Octopus\" \/>\n<meta property=\"og:description\" content=\"Ba\u015far\u0131 hikayelerini anasayfadan inceleyebilirsiniz..\" \/>\n<meta property=\"og:url\" content=\"https:\/\/octopussignage.com\/en\/success-stories\/\" \/>\n<meta property=\"og:site_name\" content=\"Octopus\" \/>\n<meta property=\"article:publisher\" content=\"https:\/\/www.facebook.com\/WeAreOctopusUK\" \/>\n<meta property=\"article:modified_time\" content=\"2025-01-28T09:33:00+00:00\" \/>\n<meta name=\"twitter:card\" content=\"summary_large_image\" \/>\n<meta name=\"twitter:site\" content=\"@WeAreOctopusUK\" \/>\n<script type=\"application\/ld+json\" class=\"yoast-schema-graph\">{\"@context\":\"https:\\\/\\\/schema.org\",\"@graph\":[{\"@type\":\"WebPage\",\"@id\":\"https:\\\/\\\/octopussignage.com\\\/basari-hikayeleri\\\/\",\"url\":\"https:\\\/\\\/octopussignage.com\\\/basari-hikayeleri\\\/\",\"name\":\"Ba\u015far\u0131 Hikayeleri - Octopus\",\"isPartOf\":{\"@id\":\"https:\\\/\\\/octopussignage.com\\\/#website\"},\"datePublished\":\"2025-01-28T09:32:59+00:00\",\"dateModified\":\"2025-01-28T09:33:00+00:00\",\"breadcrumb\":{\"@id\":\"https:\\\/\\\/octopussignage.com\\\/basari-hikayeleri\\\/#breadcrumb\"},\"inLanguage\":\"en-US\",\"potentialAction\":[{\"@type\":\"ReadAction\",\"target\":[\"https:\\\/\\\/octopussignage.com\\\/basari-hikayeleri\\\/\"]}]},{\"@type\":\"BreadcrumbList\",\"@id\":\"https:\\\/\\\/octopussignage.com\\\/basari-hikayeleri\\\/#breadcrumb\",\"itemListElement\":[{\"@type\":\"ListItem\",\"position\":1,\"name\":\"Anasayfa\",\"item\":\"https:\\\/\\\/octopussignage.com\\\/\"},{\"@type\":\"ListItem\",\"position\":2,\"name\":\"Ba\u015far\u0131 Hikayeleri\"}]},{\"@type\":\"WebSite\",\"@id\":\"https:\\\/\\\/octopussignage.com\\\/#website\",\"url\":\"https:\\\/\\\/octopussignage.com\\\/\",\"name\":\"Octopus\",\"description\":\"Octopus\",\"publisher\":{\"@id\":\"https:\\\/\\\/octopussignage.com\\\/#organization\"},\"potentialAction\":[{\"@type\":\"SearchAction\",\"target\":{\"@type\":\"EntryPoint\",\"urlTemplate\":\"https:\\\/\\\/octopussignage.com\\\/?s={search_term_string}\"},\"query-input\":{\"@type\":\"PropertyValueSpecification\",\"valueRequired\":true,\"valueName\":\"search_term_string\"}}],\"inLanguage\":\"en-US\"},{\"@type\":\"Organization\",\"@id\":\"https:\\\/\\\/octopussignage.com\\\/#organization\",\"name\":\"Octopus\",\"url\":\"https:\\\/\\\/octopussignage.com\\\/\",\"logo\":{\"@type\":\"ImageObject\",\"inLanguage\":\"en-US\",\"@id\":\"https:\\\/\\\/octopussignage.com\\\/#\\\/schema\\\/logo\\\/image\\\/\",\"url\":\"https:\\\/\\\/octopussignage.com\\\/wp-content\\\/uploads\\\/2024\\\/10\\\/svg-logo.svg\",\"contentUrl\":\"https:\\\/\\\/octopussignage.com\\\/wp-content\\\/uploads\\\/2024\\\/10\\\/svg-logo.svg\",\"width\":45,\"height\":42,\"caption\":\"Octopus\"},\"image\":{\"@id\":\"https:\\\/\\\/octopussignage.com\\\/#\\\/schema\\\/logo\\\/image\\\/\"},\"sameAs\":[\"https:\\\/\\\/www.facebook.com\\\/WeAreOctopusUK\",\"https:\\\/\\\/x.com\\\/WeAreOctopusUK\",\"https:\\\/\\\/www.linkedin.com\\\/company\\\/weareoctopusuk\\\/\",\"https:\\\/\\\/www.instagram.com\\\/weareoctopusuk\\\/\",\"https:\\\/\\\/www.youtube.com\\\/@octopustechnology-octopuss6439?si=osB_2Wa4NzB0TVcp\"]}]}<\/script>\n<!-- \/ Yoast SEO plugin. -->","yoast_head_json":{"title":"Ba\u015far\u0131 Hikayeleri - Octopus","robots":{"index":"index","follow":"follow","max-snippet":"max-snippet:-1","max-image-preview":"max-image-preview:large","max-video-preview":"max-video-preview:-1"},"canonical":"https:\/\/octopussignage.com\/en\/success-stories\/","og_locale":"en_US","og_type":"article","og_title":"Ba\u015far\u0131 Hikayeleri - Octopus","og_description":"Ba\u015far\u0131 hikayelerini anasayfadan inceleyebilirsiniz..","og_url":"https:\/\/octopussignage.com\/en\/success-stories\/","og_site_name":"Octopus","article_publisher":"https:\/\/www.facebook.com\/WeAreOctopusUK","article_modified_time":"2025-01-28T09:33:00+00:00","twitter_card":"summary_large_image","twitter_site":"@WeAreOctopusUK","schema":{"@context":"https:\/\/schema.org","@graph":[{"@type":"WebPage","@id":"https:\/\/octopussignage.com\/basari-hikayeleri\/","url":"https:\/\/octopussignage.com\/basari-hikayeleri\/","name":"Ba\u015far\u0131 Hikayeleri - Octopus","isPartOf":{"@id":"https:\/\/octopussignage.com\/#website"},"datePublished":"2025-01-28T09:32:59+00:00","dateModified":"2025-01-28T09:33:00+00:00","breadcrumb":{"@id":"https:\/\/octopussignage.com\/basari-hikayeleri\/#breadcrumb"},"inLanguage":"en-US","potentialAction":[{"@type":"ReadAction","target":["https:\/\/octopussignage.com\/basari-hikayeleri\/"]}]},{"@type":"BreadcrumbList","@id":"https:\/\/octopussignage.com\/basari-hikayeleri\/#breadcrumb","itemListElement":[{"@type":"ListItem","position":1,"name":"Anasayfa","item":"https:\/\/octopussignage.com\/"},{"@type":"ListItem","position":2,"name":"Ba\u015far\u0131 Hikayeleri"}]},{"@type":"WebSite","@id":"https:\/\/octopussignage.com\/#website","url":"https:\/\/octopussignage.com\/","name":"Octopus","description":"Octopus","publisher":{"@id":"https:\/\/octopussignage.com\/#organization"},"potentialAction":[{"@type":"SearchAction","target":{"@type":"EntryPoint","urlTemplate":"https:\/\/octopussignage.com\/?s={search_term_string}"},"query-input":{"@type":"PropertyValueSpecification","valueRequired":true,"valueName":"search_term_string"}}],"inLanguage":"en-US"},{"@type":"Organization","@id":"https:\/\/octopussignage.com\/#organization","name":"Octopus","url":"https:\/\/octopussignage.com\/","logo":{"@type":"ImageObject","inLanguage":"en-US","@id":"https:\/\/octopussignage.com\/#\/schema\/logo\/image\/","url":"https:\/\/octopussignage.com\/wp-content\/uploads\/2024\/10\/svg-logo.svg","contentUrl":"https:\/\/octopussignage.com\/wp-content\/uploads\/2024\/10\/svg-logo.svg","width":45,"height":42,"caption":"Octopus"},"image":{"@id":"https:\/\/octopussignage.com\/#\/schema\/logo\/image\/"},"sameAs":["https:\/\/www.facebook.com\/WeAreOctopusUK","https:\/\/x.com\/WeAreOctopusUK","https:\/\/www.linkedin.com\/company\/weareoctopusuk\/","https:\/\/www.instagram.com\/weareoctopusuk\/","https:\/\/www.youtube.com\/@octopustechnology-octopuss6439?si=osB_2Wa4NzB0TVcp"]}]}},"_links":{"self":[{"href":"https:\/\/octopussignage.com\/en\/wp-json\/wp\/v2\/pages\/7615","targetHints":{"allow":["GET"]}}],"collection":[{"href":"https:\/\/octopussignage.com\/en\/wp-json\/wp\/v2\/pages"}],"about":[{"href":"https:\/\/octopussignage.com\/en\/wp-json\/wp\/v2\/types\/page"}],"author":[{"embeddable":true,"href":"https:\/\/octopussignage.com\/en\/wp-json\/wp\/v2\/users\/1"}],"replies":[{"embeddable":true,"href":"https:\/\/octopussignage.com\/en\/wp-json\/wp\/v2\/comments?post=7615"}],"version-history":[{"count":0,"href":"https:\/\/octopussignage.com\/en\/wp-json\/wp\/v2\/pages\/7615\/revisions"}],"wp:attachment":[{"href":"https:\/\/octopussignage.com\/en\/wp-json\/wp\/v2\/media?parent=7615"}],"curies":[{"name":"wp","href":"https:\/\/api.w.org\/{rel}","templated":true}]}}