{"id":55,"date":"2024-10-16T15:08:56","date_gmt":"2024-10-16T15:08:56","guid":{"rendered":"http:\/\/104.46.45.99:1881\/?page_id=55"},"modified":"2025-10-14T13:21:49","modified_gmt":"2025-10-14T13:21:49","slug":"contact","status":"publish","type":"page","link":"https:\/\/octopussignage.com\/en\/contact\/","title":{"rendered":"Contact"},"content":{"rendered":"<div data-elementor-type=\"wp-page\" data-elementor-id=\"55\" class=\"elementor elementor-55\" data-elementor-post-type=\"page\">\n\t\t\t\t<div class=\"elementor-element elementor-element-ec063e7 e-flex e-con-boxed e-con e-parent\" data-id=\"ec063e7\" data-element_type=\"container\" data-e-type=\"container\">\n\t\t\t\t\t<div class=\"e-con-inner\">\n\t\t\t\t<div class=\"elementor-element elementor-element-481682b elementor-view-default elementor-widget elementor-widget-icon\" data-id=\"481682b\" data-element_type=\"widget\" data-e-type=\"widget\" data-widget_type=\"icon.default\">\n\t\t\t\t\t\t\t<div class=\"elementor-icon-wrapper\">\n\t\t\t<div class=\"elementor-icon\">\n\t\t\t<svg xmlns=\"http:\/\/www.w3.org\/2000\/svg\" width=\"32\" height=\"32\" viewbox=\"0 0 32 32\" fill=\"none\"><g id=\"Communication \/ mail outline\"><mask id=\"mask0_361_2231\" style=\"mask-type:alpha\" maskunits=\"userSpaceOnUse\" x=\"2\" y=\"5\" width=\"28\" height=\"22\"><g id=\"Icon Mask\"><path id=\"Round\" fill-rule=\"evenodd\" clip-rule=\"evenodd\" d=\"M26.667 5.33331H5.33366C3.86699 5.33331 2.68033 6.53331 2.68033 7.99998L2.66699 24C2.66699 25.4666 3.86699 26.6666 5.33366 26.6666H26.667C28.1337 26.6666 29.3337 25.4666 29.3337 24V7.99998C29.3337 6.53331 28.1337 5.33331 26.667 5.33331ZM26.667 22.6666C26.667 23.4 26.067 24 25.3337 24H6.66699C5.93366 24 5.33366 23.4 5.33366 22.6666V10.6666L14.587 16.4533C15.4537 17 16.547 17 17.4137 16.4533L26.667 10.6666V22.6666ZM5.33366 7.99998L16.0003 14.6666L26.667 7.99998H5.33366Z\" fill=\"black\"><\/path><\/g><\/mask><g mask=\"url(#mask0_361_2231)\"><rect id=\"Color Fill\" width=\"32\" height=\"32\" fill=\"#00FF00\"><\/rect><\/g><\/g><\/svg>\t\t\t<\/div>\n\t\t<\/div>\n\t\t\t\t\t\t<\/div>\n\t\t\t\t<div class=\"elementor-element elementor-element-a509e1f elementor-widget elementor-widget-heading\" data-id=\"a509e1f\" data-element_type=\"widget\" data-e-type=\"widget\" data-widget_type=\"heading.default\">\n\t\t\t\t\t<h2 class=\"elementor-heading-title elementor-size-default\">Sign Up for Free Demo\n<\/h2>\t\t\t\t<\/div>\n\t\t\t\t<div class=\"elementor-element elementor-element-88e102e elementor-widget elementor-widget-heading\" data-id=\"88e102e\" data-element_type=\"widget\" data-e-type=\"widget\" data-widget_type=\"heading.default\">\n\t\t\t\t\t<h2 class=\"elementor-heading-title elementor-size-default\">GET IN TOUCH<\/h2>\t\t\t\t<\/div>\n\t\t<div class=\"elementor-element elementor-element-2e889ea e-con-full e-flex e-con e-child\" data-id=\"2e889ea\" data-element_type=\"container\" data-e-type=\"container\">\n\t\t<div class=\"elementor-element elementor-element-2571a8f e-con-full e-flex e-con e-child\" data-id=\"2571a8f\" data-element_type=\"container\" data-e-type=\"container\" data-settings=\"{&quot;background_background&quot;:&quot;classic&quot;}\">\n\t\t\t\t<div class=\"elementor-element elementor-element-063df0a elementor-button-align-stretch elementor-widget elementor-widget-form\" data-id=\"063df0a\" data-element_type=\"widget\" data-e-type=\"widget\" data-settings=\"{&quot;step_next_label&quot;:&quot;Next&quot;,&quot;step_previous_label&quot;:&quot;Previous&quot;,&quot;button_width&quot;:&quot;100&quot;,&quot;step_type&quot;:&quot;number_text&quot;,&quot;step_icon_shape&quot;:&quot;circle&quot;}\" data-widget_type=\"form.default\">\n\t\t\t\t\t\t\t<form class=\"elementor-form\" method=\"post\" name=\"Contact Form\" aria-label=\"Contact Form\" action=\"\">\n\t\t\t<input type=\"hidden\" name=\"post_id\" value=\"55\"\/>\n\t\t\t<input type=\"hidden\" name=\"form_id\" value=\"063df0a\"\/>\n\t\t\t<input type=\"hidden\" name=\"referer_title\" value=\"\u0130leti\u015fim - Octopus\" \/>\n\n\t\t\t\t\t\t\t<input type=\"hidden\" name=\"queried_id\" value=\"55\"\/>\n\t\t\t\n\t\t\t<div class=\"elementor-form-fields-wrapper elementor-labels-above\">\n\t\t\t\t\t\t\t\t<div class=\"elementor-field-type-text elementor-field-group elementor-column elementor-field-group-name elementor-col-100\">\n\t\t\t\t\t\t\t\t\t\t\t\t\t<input size=\"1\" type=\"text\" name=\"form_fields[name]\" id=\"form-field-name\" class=\"elementor-field elementor-size-md  elementor-field-textual\" placeholder=\"Name &amp; Surname\">\n\t\t\t\t\t\t\t\t\t\t\t<\/div>\n\t\t\t\t\t\t\t\t<div class=\"elementor-field-type-text elementor-field-group elementor-column elementor-field-group-email elementor-col-100 elementor-field-required elementor-mark-required\">\n\t\t\t\t\t\t\t\t\t\t\t\t\t<input size=\"1\" type=\"text\" name=\"form_fields[email]\" id=\"form-field-email\" class=\"elementor-field elementor-size-md  elementor-field-textual\" placeholder=\"Company\" required=\"required\">\n\t\t\t\t\t\t\t\t\t\t\t<\/div>\n\t\t\t\t\t\t\t\t<div class=\"elementor-field-type-email elementor-field-group elementor-column elementor-field-group-message elementor-col-100\">\n\t\t\t\t\t\t\t\t\t\t\t\t\t<input size=\"1\" type=\"email\" name=\"form_fields[message]\" id=\"form-field-message\" class=\"elementor-field elementor-size-md  elementor-field-textual\" placeholder=\"E-mail\">\n\t\t\t\t\t\t\t\t\t\t\t<\/div>\n\t\t\t\t\t\t\t\t<div class=\"elementor-field-type-number elementor-field-group elementor-column elementor-field-group-field_577bb65 elementor-col-100 elementor-field-required elementor-mark-required\">\n\t\t\t\t\t\t\t\t<input type=\"number\" name=\"form_fields[field_577bb65]\" id=\"form-field-field_577bb65\" class=\"elementor-field elementor-size-md  elementor-field-textual\" placeholder=\"Telephone\" required=\"required\" min=\"\" max=\"\" >\n\t\t\t\t\t\t<\/div>\n\t\t\t\t\t\t\t\t<div class=\"elementor-field-type-textarea elementor-field-group elementor-column elementor-field-group-field_74e24e4 elementor-col-100 elementor-field-required elementor-mark-required\">\n\t\t\t\t\t<textarea class=\"elementor-field-textual elementor-field  elementor-size-md\" name=\"form_fields[field_74e24e4]\" id=\"form-field-field_74e24e4\" rows=\"4\" placeholder=\"Message\" required=\"required\"><\/textarea>\t\t\t\t<\/div>\n\t\t\t\t\t\t\t\t<div class=\"elementor-field-type-recaptcha_v3 elementor-field-group elementor-column elementor-field-group-field_0158827 elementor-col-100 recaptcha_v3-bottomright\">\n\t\t\t\t\t<div class=\"elementor-field\" id=\"form-field-field_0158827\"><div class=\"elementor-g-recaptcha\" data-sitekey=\"6Le2GuorAAAAALMH42-pmf54R5_uYHFvkN3T1cFP\" data-type=\"v3\" data-action=\"Form\" data-badge=\"bottomright\" data-size=\"invisible\"><\/div><\/div>\t\t\t\t<\/div>\n\t\t\t\t\t\t\t\t<div class=\"elementor-field-type-acceptance elementor-field-group elementor-column elementor-field-group-field_d1c86bc elementor-col-100 elementor-field-required elementor-mark-required\">\n\t\t\t\t\t\t\t<div class=\"elementor-field-subgroup\">\n\t\t\t<span class=\"elementor-field-option\">\n\t\t\t\t<input type=\"checkbox\" name=\"form_fields[field_d1c86bc]\" id=\"form-field-field_d1c86bc\" class=\"elementor-field elementor-size-md  elementor-acceptance-field\" required=\"required\">\n\t\t\t\t<label for=\"form-field-field_d1c86bc\"><a target=\"_blank\" rel=\"noopener noreferrer\" href=\"https:\/\/octopussignage.com\/en\/website-privacy-and-cookies-policy\/\"><span style=\"color:#fafafa;font-family:Roboto;font-size:17px;\"><span style=\"-webkit-text-stroke-width:0px;display:inline !important;float:none;font-style:normal;font-variant-caps:normal;font-variant-ligatures:normal;font-weight:400;letter-spacing:normal;orphans:2;text-align:start;text-decoration-color:initial;text-decoration-style:initial;text-decoration-thickness:initial;text-indent:0px;text-transform:none;white-space:normal;widows:2;word-spacing:0px;\">Privacy and Cookie Policy<\/span><\/span><\/a><span style=\"color:#fafafa;font-family:Roboto;font-size:17px;\"><span style=\"-webkit-text-stroke-width:0px;display:inline !important;float:none;font-style:normal;font-variant-caps:normal;font-variant-ligatures:normal;font-weight:400;letter-spacing:normal;orphans:2;text-align:start;text-decoration-color:initial;text-decoration-style:initial;text-decoration-thickness:initial;text-indent:0px;text-transform:none;white-space:normal;widows:2;word-spacing:0px;\"> I read it and I understood.<\/span><\/span><\/label>\t\t\t<\/span>\n\t\t<\/div>\n\t\t\t\t\t\t<\/div>\n\t\t\t\t\t\t\t\t<div class=\"elementor-field-type-recaptcha_v3 elementor-field-group elementor-column elementor-field-group-field_745b0d7 elementor-col-100 recaptcha_v3-bottomright\">\n\t\t\t\t\t<div class=\"elementor-field\" id=\"form-field-field_745b0d7\"><div class=\"elementor-g-recaptcha\" data-sitekey=\"6Le2GuorAAAAALMH42-pmf54R5_uYHFvkN3T1cFP\" data-type=\"v3\" data-action=\"Form\" data-badge=\"bottomright\" data-size=\"invisible\"><\/div><\/div>\t\t\t\t<\/div>\n\t\t\t\t\t\t\t\t<div class=\"elementor-field-group elementor-column elementor-field-type-submit elementor-col-100 e-form__buttons\">\n\t\t\t\t\t<button class=\"elementor-button elementor-size-sm\" type=\"submit\">\n\t\t\t\t\t\t<span class=\"elementor-button-content-wrapper\">\n\t\t\t\t\t\t\t\t\t\t\t\t\t\t\t\t\t\t\t\t\t\t<span class=\"elementor-button-text\">Send<\/span>\n\t\t\t\t\t\t\t\t\t\t\t\t\t<\/span>\n\t\t\t\t\t<\/button>\n\t\t\t\t<\/div>\n\t\t\t<\/div>\n\t\t<input type=\"hidden\" name=\"trp-form-language\" value=\"en\"\/><\/form>\n\t\t\t\t\t\t<\/div>\n\t\t\t\t<div class=\"elementor-element elementor-element-5eeeb31 elementor-widget elementor-widget-text-editor\" data-id=\"5eeeb31\" data-element_type=\"widget\" data-e-type=\"widget\" data-widget_type=\"text-editor.default\">\n\t\t\t\t\t\t\t\t\t<p><span style=\"color: #00ff00; font-weight: 600;\">Turkey<\/span><br \/>Huzur Mah. Fatih Cad. No:67\/16 Sar\u0131yer \/ Istanbul, TR<\/p><p><span style=\"color: #00ff00; font-weight: 600;\">England<\/span><br \/>Brittania House 11 Glenthorne Road Hammersmith London W6 0LH, UK<\/p>\t\t\t\t\t\t\t\t<\/div>\n\t\t\t\t<\/div>\n\t\t\t\t<\/div>\n\t\t\t\t\t<\/div>\n\t\t\t\t<\/div>\n\t\t\t\t<\/div>","protected":false},"excerpt":{"rendered":"<p>\u00dccretsiz Demo i\u00e7in Kaydolun \u0130LET\u0130\u015e\u0130ME GE\u00c7\u0130N T\u00fcrkiyeHuzur Mah. Fatih Cad. No:67\/16 Sar\u0131yer \/ \u0130stanbul, TR EnglandBrittania House 11 Glenthorne Road Hammersmith London W6 0LH, UK<\/p>","protected":false},"author":1,"featured_media":0,"parent":0,"menu_order":0,"comment_status":"closed","ping_status":"closed","template":"","meta":{"inline_featured_image":false,"footnotes":""},"class_list":["post-55","page","type-page","status-publish","hentry"],"yoast_head":"<!-- This site is optimized with the Yoast SEO plugin v26.9 - https:\/\/yoast.com\/product\/yoast-seo-wordpress\/ -->\n<title>\u0130leti\u015fim - Octopus<\/title>\n<meta name=\"description\" content=\"Octopus ile ileti\u015fime ge\u00e7in. Dijital men\u00fc ve reklam \u00e7\u00f6z\u00fcmleri hakk\u0131nda destek almak i\u00e7in bize ula\u015f\u0131n. H\u0131zl\u0131 yan\u0131t garantisi!\" \/>\n<meta name=\"robots\" content=\"index, follow, max-snippet:-1, max-image-preview:large, max-video-preview:-1\" \/>\n<link rel=\"canonical\" href=\"https:\/\/octopussignage.com\/en\/contact\/\" \/>\n<meta property=\"og:locale\" content=\"en_US\" \/>\n<meta property=\"og:type\" content=\"article\" \/>\n<meta property=\"og:title\" content=\"\u0130leti\u015fim - Octopus\" \/>\n<meta property=\"og:description\" content=\"Octopus ile ileti\u015fime ge\u00e7in. Dijital men\u00fc ve reklam \u00e7\u00f6z\u00fcmleri hakk\u0131nda destek almak i\u00e7in bize ula\u015f\u0131n. H\u0131zl\u0131 yan\u0131t garantisi!\" \/>\n<meta property=\"og:url\" content=\"https:\/\/octopussignage.com\/en\/contact\/\" \/>\n<meta property=\"og:site_name\" content=\"Octopus\" \/>\n<meta property=\"article:publisher\" content=\"https:\/\/www.facebook.com\/WeAreOctopusUK\" \/>\n<meta property=\"article:modified_time\" content=\"2025-10-14T13:21:49+00:00\" \/>\n<meta name=\"twitter:card\" content=\"summary_large_image\" \/>\n<meta name=\"twitter:site\" content=\"@WeAreOctopusUK\" \/>\n<script type=\"application\/ld+json\" class=\"yoast-schema-graph\">{\"@context\":\"https:\/\/schema.org\",\"@graph\":[{\"@type\":\"WebPage\",\"@id\":\"https:\/\/octopussignage.com\/iletisim\/\",\"url\":\"https:\/\/octopussignage.com\/iletisim\/\",\"name\":\"\u0130leti\u015fim - Octopus\",\"isPartOf\":{\"@id\":\"https:\/\/octopussignage.com\/#website\"},\"datePublished\":\"2024-10-16T15:08:56+00:00\",\"dateModified\":\"2025-10-14T13:21:49+00:00\",\"description\":\"Octopus ile ileti\u015fime ge\u00e7in. Dijital men\u00fc ve reklam \u00e7\u00f6z\u00fcmleri hakk\u0131nda destek almak i\u00e7in bize ula\u015f\u0131n. H\u0131zl\u0131 yan\u0131t garantisi!\",\"breadcrumb\":{\"@id\":\"https:\/\/octopussignage.com\/iletisim\/#breadcrumb\"},\"inLanguage\":\"en-US\",\"potentialAction\":[{\"@type\":\"ReadAction\",\"target\":[\"https:\/\/octopussignage.com\/iletisim\/\"]}]},{\"@type\":\"BreadcrumbList\",\"@id\":\"https:\/\/octopussignage.com\/iletisim\/#breadcrumb\",\"itemListElement\":[{\"@type\":\"ListItem\",\"position\":1,\"name\":\"Anasayfa\",\"item\":\"https:\/\/octopussignage.com\/\"},{\"@type\":\"ListItem\",\"position\":2,\"name\":\"\u0130leti\u015fim\"}]},{\"@type\":\"WebSite\",\"@id\":\"https:\/\/octopussignage.com\/#website\",\"url\":\"https:\/\/octopussignage.com\/\",\"name\":\"Octopus\",\"description\":\"Octopus\",\"publisher\":{\"@id\":\"https:\/\/octopussignage.com\/#organization\"},\"potentialAction\":[{\"@type\":\"SearchAction\",\"target\":{\"@type\":\"EntryPoint\",\"urlTemplate\":\"https:\/\/octopussignage.com\/?s={search_term_string}\"},\"query-input\":{\"@type\":\"PropertyValueSpecification\",\"valueRequired\":true,\"valueName\":\"search_term_string\"}}],\"inLanguage\":\"en-US\"},{\"@type\":\"Organization\",\"@id\":\"https:\/\/octopussignage.com\/#organization\",\"name\":\"Octopus\",\"url\":\"https:\/\/octopussignage.com\/\",\"logo\":{\"@type\":\"ImageObject\",\"inLanguage\":\"en-US\",\"@id\":\"https:\/\/octopussignage.com\/#\/schema\/logo\/image\/\",\"url\":\"https:\/\/octopussignage.com\/wp-content\/uploads\/2024\/10\/svg-logo.svg\",\"contentUrl\":\"https:\/\/octopussignage.com\/wp-content\/uploads\/2024\/10\/svg-logo.svg\",\"width\":45,\"height\":42,\"caption\":\"Octopus\"},\"image\":{\"@id\":\"https:\/\/octopussignage.com\/#\/schema\/logo\/image\/\"},\"sameAs\":[\"https:\/\/www.facebook.com\/WeAreOctopusUK\",\"https:\/\/x.com\/WeAreOctopusUK\",\"https:\/\/www.linkedin.com\/company\/weareoctopusuk\/\",\"https:\/\/www.instagram.com\/weareoctopusuk\/\",\"https:\/\/www.youtube.com\/@octopustechnology-octopuss6439?si=osB_2Wa4NzB0TVcp\"]}]}<\/script>\n<!-- \/ Yoast SEO plugin. -->","yoast_head_json":{"title":"\u0130leti\u015fim - Octopus","description":"Octopus ile ileti\u015fime ge\u00e7in. Dijital men\u00fc ve reklam \u00e7\u00f6z\u00fcmleri hakk\u0131nda destek almak i\u00e7in bize ula\u015f\u0131n. H\u0131zl\u0131 yan\u0131t garantisi!","robots":{"index":"index","follow":"follow","max-snippet":"max-snippet:-1","max-image-preview":"max-image-preview:large","max-video-preview":"max-video-preview:-1"},"canonical":"https:\/\/octopussignage.com\/en\/contact\/","og_locale":"en_US","og_type":"article","og_title":"\u0130leti\u015fim - Octopus","og_description":"Octopus ile ileti\u015fime ge\u00e7in. Dijital men\u00fc ve reklam \u00e7\u00f6z\u00fcmleri hakk\u0131nda destek almak i\u00e7in bize ula\u015f\u0131n. H\u0131zl\u0131 yan\u0131t garantisi!","og_url":"https:\/\/octopussignage.com\/en\/contact\/","og_site_name":"Octopus","article_publisher":"https:\/\/www.facebook.com\/WeAreOctopusUK","article_modified_time":"2025-10-14T13:21:49+00:00","twitter_card":"summary_large_image","twitter_site":"@WeAreOctopusUK","schema":{"@context":"https:\/\/schema.org","@graph":[{"@type":"WebPage","@id":"https:\/\/octopussignage.com\/iletisim\/","url":"https:\/\/octopussignage.com\/iletisim\/","name":"\u0130leti\u015fim - Octopus","isPartOf":{"@id":"https:\/\/octopussignage.com\/#website"},"datePublished":"2024-10-16T15:08:56+00:00","dateModified":"2025-10-14T13:21:49+00:00","description":"Octopus ile ileti\u015fime ge\u00e7in. Dijital men\u00fc ve reklam \u00e7\u00f6z\u00fcmleri hakk\u0131nda destek almak i\u00e7in bize ula\u015f\u0131n. H\u0131zl\u0131 yan\u0131t garantisi!","breadcrumb":{"@id":"https:\/\/octopussignage.com\/iletisim\/#breadcrumb"},"inLanguage":"en-US","potentialAction":[{"@type":"ReadAction","target":["https:\/\/octopussignage.com\/iletisim\/"]}]},{"@type":"BreadcrumbList","@id":"https:\/\/octopussignage.com\/iletisim\/#breadcrumb","itemListElement":[{"@type":"ListItem","position":1,"name":"Anasayfa","item":"https:\/\/octopussignage.com\/"},{"@type":"ListItem","position":2,"name":"\u0130leti\u015fim"}]},{"@type":"WebSite","@id":"https:\/\/octopussignage.com\/#website","url":"https:\/\/octopussignage.com\/","name":"Octopus","description":"Octopus","publisher":{"@id":"https:\/\/octopussignage.com\/#organization"},"potentialAction":[{"@type":"SearchAction","target":{"@type":"EntryPoint","urlTemplate":"https:\/\/octopussignage.com\/?s={search_term_string}"},"query-input":{"@type":"PropertyValueSpecification","valueRequired":true,"valueName":"search_term_string"}}],"inLanguage":"en-US"},{"@type":"Organization","@id":"https:\/\/octopussignage.com\/#organization","name":"Octopus","url":"https:\/\/octopussignage.com\/","logo":{"@type":"ImageObject","inLanguage":"en-US","@id":"https:\/\/octopussignage.com\/#\/schema\/logo\/image\/","url":"https:\/\/octopussignage.com\/wp-content\/uploads\/2024\/10\/svg-logo.svg","contentUrl":"https:\/\/octopussignage.com\/wp-content\/uploads\/2024\/10\/svg-logo.svg","width":45,"height":42,"caption":"Octopus"},"image":{"@id":"https:\/\/octopussignage.com\/#\/schema\/logo\/image\/"},"sameAs":["https:\/\/www.facebook.com\/WeAreOctopusUK","https:\/\/x.com\/WeAreOctopusUK","https:\/\/www.linkedin.com\/company\/weareoctopusuk\/","https:\/\/www.instagram.com\/weareoctopusuk\/","https:\/\/www.youtube.com\/@octopustechnology-octopuss6439?si=osB_2Wa4NzB0TVcp"]}]}},"_links":{"self":[{"href":"https:\/\/octopussignage.com\/en\/wp-json\/wp\/v2\/pages\/55","targetHints":{"allow":["GET"]}}],"collection":[{"href":"https:\/\/octopussignage.com\/en\/wp-json\/wp\/v2\/pages"}],"about":[{"href":"https:\/\/octopussignage.com\/en\/wp-json\/wp\/v2\/types\/page"}],"author":[{"embeddable":true,"href":"https:\/\/octopussignage.com\/en\/wp-json\/wp\/v2\/users\/1"}],"replies":[{"embeddable":true,"href":"https:\/\/octopussignage.com\/en\/wp-json\/wp\/v2\/comments?post=55"}],"version-history":[{"count":0,"href":"https:\/\/octopussignage.com\/en\/wp-json\/wp\/v2\/pages\/55\/revisions"}],"wp:attachment":[{"href":"https:\/\/octopussignage.com\/en\/wp-json\/wp\/v2\/media?parent=55"}],"curies":[{"name":"wp","href":"https:\/\/api.w.org\/{rel}","templated":true}]}}