{"id":19,"date":"2024-10-16T12:46:25","date_gmt":"2024-10-16T12:46:25","guid":{"rendered":"http:\/\/104.46.45.99:1881\/?page_id=19"},"modified":"2025-07-31T14:56:55","modified_gmt":"2025-07-31T14:56:55","slug":"on-information-form","status":"publish","type":"page","link":"https:\/\/octopussignage.com\/en\/on-information-form\/","title":{"rendered":"Preliminary Information Form"},"content":{"rendered":"<div data-elementor-type=\"wp-page\" data-elementor-id=\"19\" class=\"elementor elementor-19\" data-elementor-post-type=\"page\">\n\t\t\t\t<div class=\"elementor-element elementor-element-5dee50e e-flex e-con-boxed e-con e-parent\" data-id=\"5dee50e\" data-element_type=\"container\" data-e-type=\"container\">\n\t\t\t\t\t<div class=\"e-con-inner\">\n\t\t\t\t<div class=\"elementor-element elementor-element-7c7b205 elementor-widget elementor-widget-text-editor\" data-id=\"7c7b205\" data-element_type=\"widget\" data-e-type=\"widget\" data-widget_type=\"text-editor.default\">\n\t\t\t\t\t\t\t\t\t<p><strong>ARTICLE -1- SELLER INFORMATION<\/strong><\/p><p><strong>Title :<\/strong>\u00a0<strong>Octopus Technology Digital Solutions Inc.<\/strong>\u00a0<strong>(\"Seller\")<\/strong><\/p><p><strong>Address :\u00a0<\/strong>Huzur Mah. Fatih Cad. No:67\/16 Sar\u0131yer\/ISTANBUL<\/p><p><strong>Telephone:<\/strong><\/p><p><strong>Email :<\/strong>\u00a0hello@octopussignage.com<\/p><p><strong>Mersis No:<\/strong>\u00a00633095443900001<\/p><p><strong>Complaint Hotline :\u00a0<\/strong>hello@octopussignage.com<\/p><p><strong>ARTICLE -2- SUBJECT<\/strong><\/p><p>This Preliminary Information Form\u00a0<strong>(\"Form\")<\/strong>Law No. 6502 on the Protection of Consumers regarding the sale and delivery of the products whose quality and sales price are specified below\u00a0<strong>(\"Law\")<\/strong>\u00a0and the Regulation on Distance Sales published in the Official Gazette dated November 27 and numbered 29188\u00a0<strong>(\"Regulation\")<\/strong>\u00a0in accordance with the provisions of this Form. This Form is hereby incorporated into the Distance Sales Contract to be concluded between the Parties.\u00a0<strong>(\"Agreement\")\u00a0<\/strong>is an integral part of the Consumer's\u00a0<strong>(\"Buyer\")<\/strong>\u00a0to inform the public.<\/p><p><strong>ARTICLE -3- BASIC CHARACTERISTICS OF THE GOODS SUBJECT TO SALE AND PAYMENT INFORMATION<\/strong><\/p><p>3.1.The information regarding the description, unit amount, quantity and payment terms of the goods, services and products subject to the sale is as stated below and this information has been approved by the Buyer.<\/p><p><strong>1TP5Product Information#:<\/strong><\/p><p><strong>#Unit Amount#<\/strong><\/p><p><strong>#otal amount including taxes#<\/strong><\/p><p><strong>#Adet#<\/strong><\/p><p><strong>3.2.<\/strong>\u00a0Shipping fee will be paid by the Buyer.<\/p><p><strong>ARTICLE -4- VALIDITY PERIOD OF COMMITMENTS<\/strong><\/p><p>The prices stated in Article (3.1.) are the selling price of the product. Prices and promises on the website are valid until they are updated and changed. Prices announced for a period of time are valid until the end of the specified period.<\/p><p><strong>ARTICLE -5- DELIVERY OF PRODUCTS<\/strong><\/p><p><strong>5.1.<\/strong>\u00a0The products ordered by the Buyer shall be delivered to the address specified in the order form or to the person\/organization at the address indicated in the order form, together with the invoice, packaged and intact, within 30 days at the latest from the date of order. If the Seller fails to fulfill this obligation, the Buyer may terminate the contract.<\/p><p><strong>5.2.<\/strong>\u00a0If the products will be delivered to a different person as specified by the Buyer in the order form, the Seller cannot be held responsible for the failure of the person\/organization to accept the delivery.<\/p><p><strong>5.3.<\/strong>\u00a0The Buyer is obliged to check the Products upon receipt and to notify the Seller immediately of any defects in the Product, if any.<\/p><p><strong>ARTICLE -6- RIGHT OF WITHDRAWAL<\/strong><\/p><p><strong>6.1.<\/strong>\u00a0The Buyer may exercise the right to withdraw from the contract by rejecting the goods within 14 (fourteen) days from the date of delivery of the Product to him \/ her or the person \/ organization at the address indicated in the distance contracts for the sale of the Product, without any legal and criminal liability and without any justification.<\/p><p><strong>6.2.<\/strong>\u00a0In order for the Buyer to exercise the right of withdrawal, the Seller must be notified in writing by registered mail, electronic mail or fax within 14 (fourteen) days.<\/p><p><strong>6.3.<\/strong>\u00a0In order for refund transactions to be made\u00a0<a href=\"https:\/\/cms.octopussignage.com\/\" target=\"_blank\" rel=\"noreferrer noopener\">https:\/\/cms.octopussignage.com\/<\/a>\u00a0The Return Form on the website must be filled in completely and a copy must be placed in the return package.<\/p><p><strong>6.4.<\/strong>\u00a0The Products to be returned must be delivered together with the box, packaging and standard accessories, if any.<\/p><p><strong>6.5.<\/strong>\u00a0The Seller is obliged to return the total price and the documents that put the Buyer under debt to the Buyer within 14 (fourteen) days at the latest from the receipt of the withdrawal notification.<\/p><p><strong>6.6.<\/strong>\u00a0The seller shall make all refunds referred to in paragraph 1 in one lump sum, in accordance with the means of payment used by the buyer when purchasing the products and without any cost or liability to the buyer.<\/p><p><strong>6.7.<\/strong>\u00a0If the Buyer uses the installment option to the credit card during the purchase, the return transaction will be made to the bank at one time and the Bank's payment of the relevant amount to the Buyer in installments is not a violation of this article.<\/p><p><strong>6.8<\/strong>. The shipping cost of the Products returned due to the right of withdrawal is covered by the Seller.<\/p><p><strong>ARTICLE -7- PRODUCTS FOR WHICH THE RIGHT OF WITHDRAWAL CANNOT BE EXERCISED<\/strong><\/p><p>The right of withdrawal cannot be used in contracts for the sale of goods that are prepared in accordance with the wishes of the Buyer or clearly in line with his personal needs, which are not suitable for return due to their nature and which are in danger of deterioration or expiration date, and contracts for audio or video recordings, software programs and computer consumables, provided that the packaging has been opened by the Buyer.<\/p><p><strong>ARTICLE -8- GENERAL PROVISIONS<\/strong><\/p><p><strong>8.1.<\/strong>\u00a0The Buyer hereby declares that he\/she has read and informed the preliminary information regarding the basic qualities of the Product subject to sale, sales price and payment method and delivery in this Form and that he\/she has given the necessary confirmation in writing.<\/p><p><strong>8.2.<\/strong>\u00a0By confirming this Form in writing, the Buyer confirms that he\/she has correctly and completely obtained the address, basic features of the Products ordered, the price of the Products including taxes, payment and delivery information that must be given to the buyer by the Seller before the conclusion of distance contracts.<\/p><p><strong>8.3.<\/strong>\u00a0The Seller cannot be held responsible for the failure to deliver the ordered Product to the Buyer due to any problems that the cargo company may encounter during the delivery of the Products to the Buyer.<\/p><p><strong>8.4.<\/strong>\u00a0The Seller is responsible for delivering the Products intact, complete, in accordance with the specifications specified in the order and with warranty documents and user manuals, if any.<\/p><p><strong>8.5.<\/strong>\u00a0The Seller may supply a different Product of equal quality and price by notifying the Buyer and obtaining the Buyer's written consent if it becomes apparent that the Products cannot be supplied before the delivery time for a justifiable reason.<\/p><p><strong>8.6.<\/strong>\u00a0If it becomes impossible to deliver the Products, the Seller shall notify the Buyer of this situation before the expiration of the contractual performance obligation and shall refund the total price to the Buyer within 14 (fourteen) days.<\/p><p><strong>8.7.<\/strong>\u00a0If for any reason the price of the Product is not paid or is canceled in the bank records, the Seller shall be deemed to be released from the obligation to deliver the Product.<\/p><p><strong>8.8.<\/strong>\u00a0In the event that the price of the Products is not paid to the Seller for any reason, the Buyer shall return the Products to the Seller at its own expense within 3 days at the latest from the Seller's notification. All other contractual-legal rights of the Seller, including the follow-up of the Product price receivable, are also and in any case reserved.<\/p><p><strong>ARTICLE -9- COMPETENT COURT<\/strong><\/p><p>The parties may apply for their complaints and objections to the Consumer Arbitration Committee or the Consumer Court in the place where the goods or services are purchased or where the residence is located within the monetary limits determined by the Ministry of Industry and Trade in December each year.<\/p><p><strong>ARTICLE -10- OTHER PROVISIONS<\/strong><\/p><p>After this Preliminary Information Form is read and accepted by the Buyer electronically, the stage of establishing a Distance Sales Contract will be passed.<\/p><p>I confirm that I have received the preliminary information specified in this Preliminary Information Form.<\/p>\t\t\t\t\t\t\t\t<\/div>\n\t\t\t\t\t<\/div>\n\t\t\t\t<\/div>\n\t\t\t\t<\/div>","protected":false},"excerpt":{"rendered":"<p>MADDE -1- SATICI B\u0130LG\u0130LER\u0130 Unvan\u0131\u00a0\u00a0\u00a0\u00a0\u00a0\u00a0\u00a0\u00a0\u00a0\u00a0 :\u00a0Octopus Teknoloji Dijital \u00c7\u00f6z\u00fcmleri A.\u015e.\u00a0(\u201cSat\u0131c\u0131\u201d) Adres\u00a0\u00a0\u00a0\u00a0\u00a0\u00a0\u00a0\u00a0\u00a0\u00a0\u00a0\u00a0\u00a0 :\u00a0Huzur Mah. Fatih Cad. No:67\/16 Sar\u0131yer\/\u0130STANBUL Telefon\u00a0\u00a0\u00a0\u00a0\u00a0\u00a0\u00a0\u00a0\u00a0\u00a0 : E-posta\u00a0\u00a0\u00a0\u00a0\u00a0\u00a0\u00a0\u00a0\u00a0\u00a0 :\u00a0hello@octopussignage.com Mersis No\u00a0\u00a0\u00a0\u00a0\u00a0\u00a0 :\u00a00633095443900001 \u015eikayet Hatt\u0131 :\u00a0hello@octopussignage.com MADDE -2- KONU \u0130\u015fbu \u00d6n Bilgilendirme Formu\u00a0(\u201cForm\u201d), a\u015fa\u011f\u0131da nitelik ve sat\u0131\u015f fiyat\u0131 belirtilen \u00fcr\u00fcnlerin sat\u0131\u015f\u0131 ve teslimat\u0131 ile ilgili olarak 6502 say\u0131l\u0131 T\u00fcketicinin Korunmas\u0131 Hakk\u0131nda Kanun\u00a0(\u201cKanun\u201d)\u00a0ve 27 Kas\u0131m [&hellip;]<\/p>","protected":false},"author":1,"featured_media":0,"parent":0,"menu_order":0,"comment_status":"closed","ping_status":"closed","template":"","meta":{"inline_featured_image":false,"footnotes":""},"class_list":["post-19","page","type-page","status-publish","hentry"],"yoast_head":"<!-- This site is optimized with the Yoast SEO plugin v27.3 - https:\/\/yoast.com\/product\/yoast-seo-wordpress\/ -->\n<title>Octopus \u00d6n Bilgilendirme Formu: Sat\u0131\u015f ve Teslimat<\/title>\n<meta name=\"description\" content=\"Octopus Teknoloji\u2019nin mesafeli sat\u0131\u015f \u00f6n bilgilendirme formu! \u00dcr\u00fcn teslimat\u0131, cayma hakk\u0131 ve \u00f6deme bilgileri hakk\u0131nda detaylar\u0131 \u00f6\u011frenin!\" \/>\n<meta name=\"robots\" content=\"index, follow, max-snippet:-1, max-image-preview:large, max-video-preview:-1\" \/>\n<link rel=\"canonical\" href=\"https:\/\/octopussignage.com\/en\/on-information-form\/\" \/>\n<meta property=\"og:locale\" content=\"en_US\" \/>\n<meta property=\"og:type\" content=\"article\" \/>\n<meta property=\"og:title\" content=\"Octopus \u00d6n Bilgilendirme Formu: Sat\u0131\u015f ve Teslimat\" \/>\n<meta property=\"og:description\" content=\"Octopus Teknoloji\u2019nin mesafeli sat\u0131\u015f \u00f6n bilgilendirme formu! \u00dcr\u00fcn teslimat\u0131, cayma hakk\u0131 ve \u00f6deme bilgileri hakk\u0131nda detaylar\u0131 \u00f6\u011frenin!\" \/>\n<meta property=\"og:url\" content=\"https:\/\/octopussignage.com\/en\/on-information-form\/\" \/>\n<meta property=\"og:site_name\" content=\"Octopus\" \/>\n<meta property=\"article:publisher\" content=\"https:\/\/www.facebook.com\/WeAreOctopusUK\" \/>\n<meta property=\"article:modified_time\" content=\"2025-07-31T14:56:55+00:00\" \/>\n<meta name=\"twitter:card\" content=\"summary_large_image\" \/>\n<meta name=\"twitter:site\" content=\"@WeAreOctopusUK\" \/>\n<script type=\"application\/ld+json\" class=\"yoast-schema-graph\">{\"@context\":\"https:\\\/\\\/schema.org\",\"@graph\":[{\"@type\":\"WebPage\",\"@id\":\"https:\\\/\\\/octopussignage.com\\\/on-bilgilendirme-formu\\\/\",\"url\":\"https:\\\/\\\/octopussignage.com\\\/on-bilgilendirme-formu\\\/\",\"name\":\"Octopus \u00d6n Bilgilendirme Formu: Sat\u0131\u015f ve Teslimat\",\"isPartOf\":{\"@id\":\"https:\\\/\\\/octopussignage.com\\\/#website\"},\"datePublished\":\"2024-10-16T12:46:25+00:00\",\"dateModified\":\"2025-07-31T14:56:55+00:00\",\"description\":\"Octopus Teknoloji\u2019nin mesafeli sat\u0131\u015f \u00f6n bilgilendirme formu! \u00dcr\u00fcn teslimat\u0131, cayma hakk\u0131 ve \u00f6deme bilgileri hakk\u0131nda detaylar\u0131 \u00f6\u011frenin!\",\"breadcrumb\":{\"@id\":\"https:\\\/\\\/octopussignage.com\\\/on-bilgilendirme-formu\\\/#breadcrumb\"},\"inLanguage\":\"en-US\",\"potentialAction\":[{\"@type\":\"ReadAction\",\"target\":[\"https:\\\/\\\/octopussignage.com\\\/on-bilgilendirme-formu\\\/\"]}]},{\"@type\":\"BreadcrumbList\",\"@id\":\"https:\\\/\\\/octopussignage.com\\\/on-bilgilendirme-formu\\\/#breadcrumb\",\"itemListElement\":[{\"@type\":\"ListItem\",\"position\":1,\"name\":\"Anasayfa\",\"item\":\"https:\\\/\\\/octopussignage.com\\\/\"},{\"@type\":\"ListItem\",\"position\":2,\"name\":\"\u00d6n Bilgilendirme Formu\"}]},{\"@type\":\"WebSite\",\"@id\":\"https:\\\/\\\/octopussignage.com\\\/#website\",\"url\":\"https:\\\/\\\/octopussignage.com\\\/\",\"name\":\"Octopus\",\"description\":\"Octopus\",\"publisher\":{\"@id\":\"https:\\\/\\\/octopussignage.com\\\/#organization\"},\"potentialAction\":[{\"@type\":\"SearchAction\",\"target\":{\"@type\":\"EntryPoint\",\"urlTemplate\":\"https:\\\/\\\/octopussignage.com\\\/?s={search_term_string}\"},\"query-input\":{\"@type\":\"PropertyValueSpecification\",\"valueRequired\":true,\"valueName\":\"search_term_string\"}}],\"inLanguage\":\"en-US\"},{\"@type\":\"Organization\",\"@id\":\"https:\\\/\\\/octopussignage.com\\\/#organization\",\"name\":\"Octopus\",\"url\":\"https:\\\/\\\/octopussignage.com\\\/\",\"logo\":{\"@type\":\"ImageObject\",\"inLanguage\":\"en-US\",\"@id\":\"https:\\\/\\\/octopussignage.com\\\/#\\\/schema\\\/logo\\\/image\\\/\",\"url\":\"https:\\\/\\\/octopussignage.com\\\/wp-content\\\/uploads\\\/2024\\\/10\\\/svg-logo.svg\",\"contentUrl\":\"https:\\\/\\\/octopussignage.com\\\/wp-content\\\/uploads\\\/2024\\\/10\\\/svg-logo.svg\",\"width\":45,\"height\":42,\"caption\":\"Octopus\"},\"image\":{\"@id\":\"https:\\\/\\\/octopussignage.com\\\/#\\\/schema\\\/logo\\\/image\\\/\"},\"sameAs\":[\"https:\\\/\\\/www.facebook.com\\\/WeAreOctopusUK\",\"https:\\\/\\\/x.com\\\/WeAreOctopusUK\",\"https:\\\/\\\/www.linkedin.com\\\/company\\\/weareoctopusuk\\\/\",\"https:\\\/\\\/www.instagram.com\\\/weareoctopusuk\\\/\",\"https:\\\/\\\/www.youtube.com\\\/@octopustechnology-octopuss6439?si=osB_2Wa4NzB0TVcp\"]}]}<\/script>\n<!-- \/ Yoast SEO plugin. -->","yoast_head_json":{"title":"Octopus \u00d6n Bilgilendirme Formu: Sat\u0131\u015f ve Teslimat","description":"Octopus Teknoloji\u2019nin mesafeli sat\u0131\u015f \u00f6n bilgilendirme formu! \u00dcr\u00fcn teslimat\u0131, cayma hakk\u0131 ve \u00f6deme bilgileri hakk\u0131nda detaylar\u0131 \u00f6\u011frenin!","robots":{"index":"index","follow":"follow","max-snippet":"max-snippet:-1","max-image-preview":"max-image-preview:large","max-video-preview":"max-video-preview:-1"},"canonical":"https:\/\/octopussignage.com\/en\/on-information-form\/","og_locale":"en_US","og_type":"article","og_title":"Octopus \u00d6n Bilgilendirme Formu: Sat\u0131\u015f ve Teslimat","og_description":"Octopus Teknoloji\u2019nin mesafeli sat\u0131\u015f \u00f6n bilgilendirme formu! \u00dcr\u00fcn teslimat\u0131, cayma hakk\u0131 ve \u00f6deme bilgileri hakk\u0131nda detaylar\u0131 \u00f6\u011frenin!","og_url":"https:\/\/octopussignage.com\/en\/on-information-form\/","og_site_name":"Octopus","article_publisher":"https:\/\/www.facebook.com\/WeAreOctopusUK","article_modified_time":"2025-07-31T14:56:55+00:00","twitter_card":"summary_large_image","twitter_site":"@WeAreOctopusUK","schema":{"@context":"https:\/\/schema.org","@graph":[{"@type":"WebPage","@id":"https:\/\/octopussignage.com\/on-bilgilendirme-formu\/","url":"https:\/\/octopussignage.com\/on-bilgilendirme-formu\/","name":"Octopus \u00d6n Bilgilendirme Formu: Sat\u0131\u015f ve Teslimat","isPartOf":{"@id":"https:\/\/octopussignage.com\/#website"},"datePublished":"2024-10-16T12:46:25+00:00","dateModified":"2025-07-31T14:56:55+00:00","description":"Octopus Teknoloji\u2019nin mesafeli sat\u0131\u015f \u00f6n bilgilendirme formu! \u00dcr\u00fcn teslimat\u0131, cayma hakk\u0131 ve \u00f6deme bilgileri hakk\u0131nda detaylar\u0131 \u00f6\u011frenin!","breadcrumb":{"@id":"https:\/\/octopussignage.com\/on-bilgilendirme-formu\/#breadcrumb"},"inLanguage":"en-US","potentialAction":[{"@type":"ReadAction","target":["https:\/\/octopussignage.com\/on-bilgilendirme-formu\/"]}]},{"@type":"BreadcrumbList","@id":"https:\/\/octopussignage.com\/on-bilgilendirme-formu\/#breadcrumb","itemListElement":[{"@type":"ListItem","position":1,"name":"Anasayfa","item":"https:\/\/octopussignage.com\/"},{"@type":"ListItem","position":2,"name":"\u00d6n Bilgilendirme Formu"}]},{"@type":"WebSite","@id":"https:\/\/octopussignage.com\/#website","url":"https:\/\/octopussignage.com\/","name":"Octopus","description":"Octopus","publisher":{"@id":"https:\/\/octopussignage.com\/#organization"},"potentialAction":[{"@type":"SearchAction","target":{"@type":"EntryPoint","urlTemplate":"https:\/\/octopussignage.com\/?s={search_term_string}"},"query-input":{"@type":"PropertyValueSpecification","valueRequired":true,"valueName":"search_term_string"}}],"inLanguage":"en-US"},{"@type":"Organization","@id":"https:\/\/octopussignage.com\/#organization","name":"Octopus","url":"https:\/\/octopussignage.com\/","logo":{"@type":"ImageObject","inLanguage":"en-US","@id":"https:\/\/octopussignage.com\/#\/schema\/logo\/image\/","url":"https:\/\/octopussignage.com\/wp-content\/uploads\/2024\/10\/svg-logo.svg","contentUrl":"https:\/\/octopussignage.com\/wp-content\/uploads\/2024\/10\/svg-logo.svg","width":45,"height":42,"caption":"Octopus"},"image":{"@id":"https:\/\/octopussignage.com\/#\/schema\/logo\/image\/"},"sameAs":["https:\/\/www.facebook.com\/WeAreOctopusUK","https:\/\/x.com\/WeAreOctopusUK","https:\/\/www.linkedin.com\/company\/weareoctopusuk\/","https:\/\/www.instagram.com\/weareoctopusuk\/","https:\/\/www.youtube.com\/@octopustechnology-octopuss6439?si=osB_2Wa4NzB0TVcp"]}]}},"_links":{"self":[{"href":"https:\/\/octopussignage.com\/en\/wp-json\/wp\/v2\/pages\/19","targetHints":{"allow":["GET"]}}],"collection":[{"href":"https:\/\/octopussignage.com\/en\/wp-json\/wp\/v2\/pages"}],"about":[{"href":"https:\/\/octopussignage.com\/en\/wp-json\/wp\/v2\/types\/page"}],"author":[{"embeddable":true,"href":"https:\/\/octopussignage.com\/en\/wp-json\/wp\/v2\/users\/1"}],"replies":[{"embeddable":true,"href":"https:\/\/octopussignage.com\/en\/wp-json\/wp\/v2\/comments?post=19"}],"version-history":[{"count":0,"href":"https:\/\/octopussignage.com\/en\/wp-json\/wp\/v2\/pages\/19\/revisions"}],"wp:attachment":[{"href":"https:\/\/octopussignage.com\/en\/wp-json\/wp\/v2\/media?parent=19"}],"curies":[{"name":"wp","href":"https:\/\/api.w.org\/{rel}","templated":true}]}}