{"id":17,"date":"2024-10-16T12:45:58","date_gmt":"2024-10-16T12:45:58","guid":{"rendered":"http:\/\/104.46.45.99:1881\/?page_id=17"},"modified":"2025-07-31T15:13:34","modified_gmt":"2025-07-31T15:13:34","slug":"website-privacy-and-cookies-policy","status":"publish","type":"page","link":"https:\/\/octopussignage.com\/en\/website-privacy-and-cookies-policy\/","title":{"rendered":"Privacy and Cookie Policy"},"content":{"rendered":"<div data-elementor-type=\"wp-page\" data-elementor-id=\"17\" class=\"elementor elementor-17\" data-elementor-post-type=\"page\">\n\t\t\t\t<div class=\"elementor-element elementor-element-80c2365 e-flex e-con-boxed e-con e-parent\" data-id=\"80c2365\" data-element_type=\"container\" data-e-type=\"container\">\n\t\t\t\t\t<div class=\"e-con-inner\">\n\t\t\t\t<div class=\"elementor-element elementor-element-3ef0519 elementor-widget elementor-widget-text-editor\" data-id=\"3ef0519\" data-element_type=\"widget\" data-e-type=\"widget\" data-widget_type=\"text-editor.default\">\n\t\t\t\t\t\t\t\t\t<p><span style=\"color: #00f104;\"><strong>WEBSITE PRIVACY AND COOKIE POLICY<\/strong><\/span><\/p><p>Octopus Teknoloji Dijital \u00c7\u00f6z\u00fcmleri Anonim \u015eirketi (hereinafter referred to as \"<strong>Company<\/strong>(hereinafter referred to as \").\u00a0<a href=\"https:\/\/cms.octopussignage.com\/\">https:\/\/cms.octopussignage.com<\/a>\u00a0We would like to inform you that we use various cookies on our website (\"Site\").<\/p><p>As a company, we believe that our website\u00a0<a>visitors\/users<\/a>\u00a0personal data, in accordance with the Law No. 6698 on the Protection of Personal Data and other relevant legislation (\"<strong>KVK Legislation<\/strong>\"), we show the utmost sensitivity to ensure that it is processed in accordance with the Law on the Protection of Personal Data.<\/p><p>The purpose of this Cookie Policy is to provide you with a Cookie Policy\u00a0<a href=\"https:\/\/cms.octopussignage.com\/\">https:\/\/cms.octopussignage.com<\/a>\u00a0 website (\"<strong>Site<\/strong>\") to inform you about the types and purposes of use of cookies obtained through visits by Site visitors\/users (\"Relevant Person\").<\/p><p><span style=\"color: #00f104;\"><strong>What is a Cookie?\u00a0\u00a0<\/strong><\/span><\/p><p>Cookies are small text files, mostly consisting of letters or numbers, that are stored on your computer or mobile device when you visit a website and allow that device to be identified.<\/p><p><span style=\"color: #00f104;\"><strong>What is Your Personal Data Processed Through Cookies?<\/strong><\/span><\/p><p>Your usage and visiting habits, session information, past transactions and browsing information on the Site are processed through cookies.<\/p><p>As a company, we process your personal data consisting of cookies that we collect through daily files, empty gif files and\/or third party sources, in accordance with the KVK Legislation and limited to the purposes specified below:<\/p><ul class=\"wp-block-list\"><li>In order to provide better service to our site visitors, your browsing information on the Site is processed, shared with third parties limited to this purpose and stored securely.<\/li><li>Your past transactions are stored to create a summary of your preferences.<\/li><li>Functional and analytical cookies are used to analyze how the Site is used and to improve your experience of using the Site.<\/li><\/ul><p>The Company may match information collected through different methods online and offline, or information collected from you on the Site at different times, and may use this information in combination with information from other sources, such as third parties.<\/p><p><span style=\"color: #00f104;\"><strong>Which types of cookies are used?<\/strong><\/span><\/p><p>We process cookies related to visitors and users of the aforementioned website. However, both first party cookies (placed directly by us) and third party cookies (placed by servers other than us) are used on our website. The types of first party cookies we use and for which we assume responsibility are as follows:<\/p><p><span style=\"color: #00f104;\"><strong>Compulsory (Basic) Cookies:<\/strong>\u00a0<\/span>These are cookies whose use is mandatory for the proper functioning of the functions on the site and the complete fulfillment of the service offered through the address. For example, authentication cookies, which are activated when you log in to the address, ensure that your active session continues when you switch from one page to another. Disabling these cookies may cause the functions to become unusable.<\/p><p><span style=\"color: #00f104;\"><strong>Permanent Cookies:<\/strong><\/span>\u00a0These are cookies that are used to increase the functionality of the site and to provide a faster and better service to our visitors and remain valid until they are deleted by you through browsers or until the expiration date. Such cookies are used to remember your preferences and personalize your use. These cookies include cookies that save your user password and keep you logged in permanently, thus saving you the trouble of entering your password more than once each time you visit, and cookies that remember and recognize your address on subsequent visits.<\/p><p><span style=\"color: #00f104;\"><strong>Session Cookies:<\/strong><\/span>\u00a0These are temporary cookies that are used during your visit to the Site and deleted after the browser is closed. Such cookies do not contain personal data and help to reduce the need to transmit personal data on the Internet. You can delete these cookies or prevent their use; however, disabling these cookies may result in reduced Site performance and limit your user experience.<\/p><p><span style=\"color: #00f104;\"><strong>Performance\/Analytical Cookies:<\/strong><\/span>\u00a0Performance and analysis cookies are used to improve the website. They are used by the website to estimate the number of unique visitors, to identify the most important search engine keywords that lead to a web page, or to monitor website navigation.<\/p><p><span style=\"color: #00f104;\"><strong>Targeting and Advertising Cookies:<\/strong><\/span>\u00a0These cookies are used to create your profile and deliver advertisements relevant to your interests. They are also used to limit the number of times you see an advertisement, as well as to help measure the effectiveness of the advertising campaign. They are usually placed on advertising networks (e.g. social media sites) with the permission of the website owner. Information about your visit to the website is shared with advertisers and other organizations. If these cookies are not allowed, you will not be able to experience our targeted advertisements on different websites.<\/p><p><strong><span style=\"color: #00f104;\">Functionality and Preference Cookies:<\/span>\u00a0<\/strong>It enables the individualization of the site content based on the preferences of the users who visit the website. It is possible to block the use of these cookies.<\/p><p><span style=\"color: #00f104;\"><strong>How Can You Control the Use of Cookies?\u00a0\u00a0<\/strong><\/span><\/p><p><a href=\"https:\/\/cms.octopussignage.com\/\" target=\"_blank\" rel=\"noopener\">https:\/\/cms.octopussignage.com<\/a>\u00a0The processing of cookies is not mandatory to visit and use our website; you have the possibility to customize your preferences regarding cookies by changing the settings of your browser.<\/p><p>If you set your browser to block all cookies, you may continue to use our website; however, you may not be able to access or have limited access to all functions of our website and the quality of your user experience may be reduced.<\/p><figure class=\"wp-block-table\"><table><tbody><tr><td>Google Analytics<\/td><td><a href=\"https:\/\/tools.google.com\/dlpage\/gaoptout\" target=\"_blank\" rel=\"noreferrer noopener\">https:\/\/tools.google.com\/dlpage\/gaoptout<\/a><\/td><\/tr><tr><td>Google Chrome<\/td><td><a href=\"https:\/\/www.google.com\/support\/chrome\/bin\/answer.py?hl=en&amp;answer=95647\" target=\"_blank\" rel=\"noreferrer noopener\">http:\/\/www.google.com\/support\/chrome\/bin\/answer.py?hl=en&amp;answer=95647<\/a><\/td><\/tr><tr><td>Internet Explorer<\/td><td><p><a href=\"https:\/\/support.microsoft.com\/en-us\/help\/17442\/windows-internet-explorer-\" target=\"_blank\" rel=\"noreferrer noopener\">https:\/\/support.microsoft.com\/en-us\/help\/17442\/windows-internet-explorer-\u00a0<\/a><\/p><p><a href=\"https:\/\/support.microsoft.com\/en-us\/help\/17442\/windows-internet-explorer-delete-manage-cookies\" target=\"_blank\" rel=\"noreferrer noopener\">delete-manage-cookies<\/a><\/p><\/td><\/tr><tr><td>Mozilla Firefox<\/td><td><a href=\"https:\/\/support.mozilla.com\/en-US\/kb\/Cookies\" target=\"_blank\" rel=\"noreferrer noopener\">http:\/\/support.mozilla.com\/en-US\/kb\/Cookies<\/a><\/td><\/tr><tr><td>Opera<\/td><td><a href=\"https:\/\/www.opera.com\/browser\/tutorials\/security\/privacy\/\" target=\"_blank\" rel=\"noreferrer noopener\">http:\/\/www.opera.com\/browser\/tutorials\/security\/privacy\/<\/a><\/td><\/tr><tr><td>Safari<\/td><td><a href=\"https:\/\/support.apple.com\/kb\/ph19214?locale=tr%20TR\" target=\"_blank\" rel=\"noreferrer noopener\">https:\/\/support.apple.com\/kb\/ph19214?locale=tr TR<\/a><\/td><\/tr><\/tbody><\/table><\/figure><p><span style=\"color: #00f104;\"><strong>What are Your Rights as a Data Subject?<\/strong><\/span><\/p><p>Your personal data pursuant to Article 11 of the KVKK,<\/p><ul class=\"wp-block-list\"><li>Find out if it is being processed,<\/li><li>Request information if processed,<\/li><li>Learn the purpose of processing and whether they are used for their intended purpose,<\/li><li>To know the third parties to whom personal data are transferred domestically or abroad,<\/li><li>To request correction of personal data in case of incomplete or incorrect processing and to request notification of the transaction made within this scope to third parties to whom personal data is transferred,<\/li><li>To request the deletion or destruction of personal data in the event that the reasons requiring its processing disappear, although it has been processed in accordance with the provisions of the Kvkk and other relevant laws, and to request notification of the transaction made within this scope to third parties to whom personal data is transferred,<\/li><li>To object to the emergence of a result to the detriment of the person himself\/herself by analyzing the processed data exclusively through automated systems,<\/li><li>We would like to inform you that you have the right to demand the compensation of the damage in case of damage due to unlawful processing of personal data.<\/li><\/ul><p>Your rights under Article 11 of the LPPD are reserved; you may submit your requests regarding your rights in question, preferably by filling in all the information specified in the Data Subject Application Form on our website,<\/p><ul class=\"wp-block-list\"><li>Huzur Mah. Fatih Cad. No:67\/16 Sar\u0131yer\/ISTANBUL by coming to our Company in person,<\/li><li>In order to identify your identity and not to provide information to the wrong people, in writing through a notary public or by registered letter with return receipt,<\/li><li>By using secure electronic signature, mobile signature or (if any) the e-mail address previously notified by you to Octopus Teknoloji Dijital \u00c7\u00f6z\u00fcmleri Anonim \u015eirketi and registered in our systems <span style=\"color: #00f104;\"><a style=\"color: #00f104;\" href=\"mailto:hello@octopussignage.com\">hello@octopussignage.com<\/a> <\/span>or by other methods to be determined by the Board in the future.<\/li><\/ul>\t\t\t\t\t\t\t\t<\/div>\n\t\t\t\t\t<\/div>\n\t\t\t\t<\/div>\n\t\t\t\t<\/div>","protected":false},"excerpt":{"rendered":"<p>\u0130NTERNET S\u0130TES\u0130 G\u0130ZL\u0130L\u0130K VE \u00c7EREZ POL\u0130T\u0130KASI Octopus Teknoloji Dijital \u00c7\u00f6z\u00fcmleri Anonim \u015eirketi\u2019ne (bundan sonra \u201c\u015eirket\u201d olarak an\u0131lacakt\u0131r.) ait\u00a0https:\/\/cms.octopussignage.com\u00a0internet sitemizde (\u201cSite\u201d) \u00e7e\u015fitli \u00e7erezler kullanmakta oldu\u011fumuzu belirtmek isteriz. \u015eirket olarak, internet sitemizin\u00a0ziyaret\u00e7ilerine\/ kullan\u0131c\u0131lar\u0131na\u00a0ait ki\u015fisel verileri, 6698 say\u0131l\u0131 Ki\u015fisel Verilerin Korunmas\u0131 Kanunu ve ilgili sair mevzuat\u0131na (\u201cKVK Mevzuat\u0131\u201c) uygun olarak i\u015flenmesi i\u00e7in azami hassasiyeti g\u00f6stermekteyiz. \u0130\u015fbu \u00c7erez Politikas\u0131n\u0131n [&hellip;]<\/p>","protected":false},"author":1,"featured_media":0,"parent":0,"menu_order":0,"comment_status":"closed","ping_status":"closed","template":"","meta":{"inline_featured_image":false,"footnotes":""},"class_list":["post-17","page","type-page","status-publish","hentry"],"yoast_head":"<!-- This site is optimized with the Yoast SEO plugin v26.9 - https:\/\/yoast.com\/product\/yoast-seo-wordpress\/ -->\n<title>Gizlilik ve \u00c7erez Politikas\u0131 - Octopus<\/title>\n<meta name=\"description\" content=\"Octopus gizlilik politikas\u0131 ve \u00e7erez kullan\u0131m\u0131 hakk\u0131nda detayl\u0131 bilgi. Ki\u015fisel verilerinizin g\u00fcvenli\u011fi bizim i\u00e7in \u00f6nemlidir.\" \/>\n<meta name=\"robots\" content=\"index, follow, max-snippet:-1, max-image-preview:large, max-video-preview:-1\" \/>\n<link rel=\"canonical\" href=\"https:\/\/octopussignage.com\/en\/website-privacy-and-cookies-policy\/\" \/>\n<meta property=\"og:locale\" content=\"en_US\" \/>\n<meta property=\"og:type\" content=\"article\" \/>\n<meta property=\"og:title\" content=\"Gizlilik ve \u00c7erez Politikas\u0131 - Octopus\" \/>\n<meta property=\"og:description\" content=\"Octopus gizlilik politikas\u0131 ve \u00e7erez kullan\u0131m\u0131 hakk\u0131nda detayl\u0131 bilgi. Ki\u015fisel verilerinizin g\u00fcvenli\u011fi bizim i\u00e7in \u00f6nemlidir.\" \/>\n<meta property=\"og:url\" content=\"https:\/\/octopussignage.com\/en\/website-privacy-and-cookies-policy\/\" \/>\n<meta property=\"og:site_name\" content=\"Octopus\" \/>\n<meta property=\"article:publisher\" content=\"https:\/\/www.facebook.com\/WeAreOctopusUK\" \/>\n<meta property=\"article:modified_time\" content=\"2025-07-31T15:13:34+00:00\" \/>\n<meta name=\"twitter:card\" content=\"summary_large_image\" \/>\n<meta name=\"twitter:site\" content=\"@WeAreOctopusUK\" \/>\n<script type=\"application\/ld+json\" class=\"yoast-schema-graph\">{\"@context\":\"https:\/\/schema.org\",\"@graph\":[{\"@type\":\"WebPage\",\"@id\":\"https:\/\/octopussignage.com\/internet-sitesi-gizlilik-ve-cerez-politikasi\/\",\"url\":\"https:\/\/octopussignage.com\/internet-sitesi-gizlilik-ve-cerez-politikasi\/\",\"name\":\"Gizlilik ve \u00c7erez Politikas\u0131 - Octopus\",\"isPartOf\":{\"@id\":\"https:\/\/octopussignage.com\/#website\"},\"datePublished\":\"2024-10-16T12:45:58+00:00\",\"dateModified\":\"2025-07-31T15:13:34+00:00\",\"description\":\"Octopus gizlilik politikas\u0131 ve \u00e7erez kullan\u0131m\u0131 hakk\u0131nda detayl\u0131 bilgi. Ki\u015fisel verilerinizin g\u00fcvenli\u011fi bizim i\u00e7in \u00f6nemlidir.\",\"breadcrumb\":{\"@id\":\"https:\/\/octopussignage.com\/internet-sitesi-gizlilik-ve-cerez-politikasi\/#breadcrumb\"},\"inLanguage\":\"en-US\",\"potentialAction\":[{\"@type\":\"ReadAction\",\"target\":[\"https:\/\/octopussignage.com\/internet-sitesi-gizlilik-ve-cerez-politikasi\/\"]}]},{\"@type\":\"BreadcrumbList\",\"@id\":\"https:\/\/octopussignage.com\/internet-sitesi-gizlilik-ve-cerez-politikasi\/#breadcrumb\",\"itemListElement\":[{\"@type\":\"ListItem\",\"position\":1,\"name\":\"Anasayfa\",\"item\":\"https:\/\/octopussignage.com\/\"},{\"@type\":\"ListItem\",\"position\":2,\"name\":\"Gizlilik ve \u00c7erez Politikasi\"}]},{\"@type\":\"WebSite\",\"@id\":\"https:\/\/octopussignage.com\/#website\",\"url\":\"https:\/\/octopussignage.com\/\",\"name\":\"Octopus\",\"description\":\"Octopus\",\"publisher\":{\"@id\":\"https:\/\/octopussignage.com\/#organization\"},\"potentialAction\":[{\"@type\":\"SearchAction\",\"target\":{\"@type\":\"EntryPoint\",\"urlTemplate\":\"https:\/\/octopussignage.com\/?s={search_term_string}\"},\"query-input\":{\"@type\":\"PropertyValueSpecification\",\"valueRequired\":true,\"valueName\":\"search_term_string\"}}],\"inLanguage\":\"en-US\"},{\"@type\":\"Organization\",\"@id\":\"https:\/\/octopussignage.com\/#organization\",\"name\":\"Octopus\",\"url\":\"https:\/\/octopussignage.com\/\",\"logo\":{\"@type\":\"ImageObject\",\"inLanguage\":\"en-US\",\"@id\":\"https:\/\/octopussignage.com\/#\/schema\/logo\/image\/\",\"url\":\"https:\/\/octopussignage.com\/wp-content\/uploads\/2024\/10\/svg-logo.svg\",\"contentUrl\":\"https:\/\/octopussignage.com\/wp-content\/uploads\/2024\/10\/svg-logo.svg\",\"width\":45,\"height\":42,\"caption\":\"Octopus\"},\"image\":{\"@id\":\"https:\/\/octopussignage.com\/#\/schema\/logo\/image\/\"},\"sameAs\":[\"https:\/\/www.facebook.com\/WeAreOctopusUK\",\"https:\/\/x.com\/WeAreOctopusUK\",\"https:\/\/www.linkedin.com\/company\/weareoctopusuk\/\",\"https:\/\/www.instagram.com\/weareoctopusuk\/\",\"https:\/\/www.youtube.com\/@octopustechnology-octopuss6439?si=osB_2Wa4NzB0TVcp\"]}]}<\/script>\n<!-- \/ Yoast SEO plugin. -->","yoast_head_json":{"title":"Gizlilik ve \u00c7erez Politikas\u0131 - Octopus","description":"Octopus gizlilik politikas\u0131 ve \u00e7erez kullan\u0131m\u0131 hakk\u0131nda detayl\u0131 bilgi. Ki\u015fisel verilerinizin g\u00fcvenli\u011fi bizim i\u00e7in \u00f6nemlidir.","robots":{"index":"index","follow":"follow","max-snippet":"max-snippet:-1","max-image-preview":"max-image-preview:large","max-video-preview":"max-video-preview:-1"},"canonical":"https:\/\/octopussignage.com\/en\/website-privacy-and-cookies-policy\/","og_locale":"en_US","og_type":"article","og_title":"Gizlilik ve \u00c7erez Politikas\u0131 - Octopus","og_description":"Octopus gizlilik politikas\u0131 ve \u00e7erez kullan\u0131m\u0131 hakk\u0131nda detayl\u0131 bilgi. Ki\u015fisel verilerinizin g\u00fcvenli\u011fi bizim i\u00e7in \u00f6nemlidir.","og_url":"https:\/\/octopussignage.com\/en\/website-privacy-and-cookies-policy\/","og_site_name":"Octopus","article_publisher":"https:\/\/www.facebook.com\/WeAreOctopusUK","article_modified_time":"2025-07-31T15:13:34+00:00","twitter_card":"summary_large_image","twitter_site":"@WeAreOctopusUK","schema":{"@context":"https:\/\/schema.org","@graph":[{"@type":"WebPage","@id":"https:\/\/octopussignage.com\/internet-sitesi-gizlilik-ve-cerez-politikasi\/","url":"https:\/\/octopussignage.com\/internet-sitesi-gizlilik-ve-cerez-politikasi\/","name":"Gizlilik ve \u00c7erez Politikas\u0131 - Octopus","isPartOf":{"@id":"https:\/\/octopussignage.com\/#website"},"datePublished":"2024-10-16T12:45:58+00:00","dateModified":"2025-07-31T15:13:34+00:00","description":"Octopus gizlilik politikas\u0131 ve \u00e7erez kullan\u0131m\u0131 hakk\u0131nda detayl\u0131 bilgi. Ki\u015fisel verilerinizin g\u00fcvenli\u011fi bizim i\u00e7in \u00f6nemlidir.","breadcrumb":{"@id":"https:\/\/octopussignage.com\/internet-sitesi-gizlilik-ve-cerez-politikasi\/#breadcrumb"},"inLanguage":"en-US","potentialAction":[{"@type":"ReadAction","target":["https:\/\/octopussignage.com\/internet-sitesi-gizlilik-ve-cerez-politikasi\/"]}]},{"@type":"BreadcrumbList","@id":"https:\/\/octopussignage.com\/internet-sitesi-gizlilik-ve-cerez-politikasi\/#breadcrumb","itemListElement":[{"@type":"ListItem","position":1,"name":"Anasayfa","item":"https:\/\/octopussignage.com\/"},{"@type":"ListItem","position":2,"name":"Gizlilik ve \u00c7erez Politikasi"}]},{"@type":"WebSite","@id":"https:\/\/octopussignage.com\/#website","url":"https:\/\/octopussignage.com\/","name":"Octopus","description":"Octopus","publisher":{"@id":"https:\/\/octopussignage.com\/#organization"},"potentialAction":[{"@type":"SearchAction","target":{"@type":"EntryPoint","urlTemplate":"https:\/\/octopussignage.com\/?s={search_term_string}"},"query-input":{"@type":"PropertyValueSpecification","valueRequired":true,"valueName":"search_term_string"}}],"inLanguage":"en-US"},{"@type":"Organization","@id":"https:\/\/octopussignage.com\/#organization","name":"Octopus","url":"https:\/\/octopussignage.com\/","logo":{"@type":"ImageObject","inLanguage":"en-US","@id":"https:\/\/octopussignage.com\/#\/schema\/logo\/image\/","url":"https:\/\/octopussignage.com\/wp-content\/uploads\/2024\/10\/svg-logo.svg","contentUrl":"https:\/\/octopussignage.com\/wp-content\/uploads\/2024\/10\/svg-logo.svg","width":45,"height":42,"caption":"Octopus"},"image":{"@id":"https:\/\/octopussignage.com\/#\/schema\/logo\/image\/"},"sameAs":["https:\/\/www.facebook.com\/WeAreOctopusUK","https:\/\/x.com\/WeAreOctopusUK","https:\/\/www.linkedin.com\/company\/weareoctopusuk\/","https:\/\/www.instagram.com\/weareoctopusuk\/","https:\/\/www.youtube.com\/@octopustechnology-octopuss6439?si=osB_2Wa4NzB0TVcp"]}]}},"_links":{"self":[{"href":"https:\/\/octopussignage.com\/en\/wp-json\/wp\/v2\/pages\/17","targetHints":{"allow":["GET"]}}],"collection":[{"href":"https:\/\/octopussignage.com\/en\/wp-json\/wp\/v2\/pages"}],"about":[{"href":"https:\/\/octopussignage.com\/en\/wp-json\/wp\/v2\/types\/page"}],"author":[{"embeddable":true,"href":"https:\/\/octopussignage.com\/en\/wp-json\/wp\/v2\/users\/1"}],"replies":[{"embeddable":true,"href":"https:\/\/octopussignage.com\/en\/wp-json\/wp\/v2\/comments?post=17"}],"version-history":[{"count":0,"href":"https:\/\/octopussignage.com\/en\/wp-json\/wp\/v2\/pages\/17\/revisions"}],"wp:attachment":[{"href":"https:\/\/octopussignage.com\/en\/wp-json\/wp\/v2\/media?parent=17"}],"curies":[{"name":"wp","href":"https:\/\/api.w.org\/{rel}","templated":true}]}}