{"id":13,"date":"2024-10-16T12:45:16","date_gmt":"2024-10-16T12:45:16","guid":{"rendered":"http:\/\/104.46.45.99:1881\/?page_id=13"},"modified":"2025-11-12T17:09:33","modified_gmt":"2025-11-12T17:09:33","slug":"platforms","status":"publish","type":"page","link":"https:\/\/octopussignage.com\/en\/platforms\/","title":{"rendered":"Platforms"},"content":{"rendered":"<div data-elementor-type=\"wp-page\" data-elementor-id=\"13\" class=\"elementor elementor-13\" data-elementor-post-type=\"page\">\n\t\t\t\t<div class=\"elementor-element elementor-element-0ae3a17 e-flex e-con-boxed e-con e-parent\" data-id=\"0ae3a17\" data-element_type=\"container\" data-e-type=\"container\">\n\t\t\t\t\t<div class=\"e-con-inner\">\n\t\t\t\t<div class=\"elementor-element elementor-element-30a9218 elementor-view-default elementor-widget elementor-widget-icon\" data-id=\"30a9218\" data-element_type=\"widget\" data-e-type=\"widget\" data-widget_type=\"icon.default\">\n\t\t\t\t\t\t\t<div class=\"elementor-icon-wrapper\">\n\t\t\t<div class=\"elementor-icon\">\n\t\t\t<svg xmlns=\"http:\/\/www.w3.org\/2000\/svg\" width=\"32\" height=\"32\" viewbox=\"0 0 32 32\" fill=\"none\"><g id=\"Action \/ input\"><mask id=\"mask0_429_9598\" style=\"mask-type:alpha\" maskunits=\"userSpaceOnUse\" x=\"1\" y=\"4\" width=\"30\" height=\"24\"><g id=\"Icon Mask\"><path id=\"Round\" fill-rule=\"evenodd\" clip-rule=\"evenodd\" d=\"M3.99967 4.01331H27.9997C29.4663 4.01331 30.6663 5.21331 30.6663 6.67997V25.32C30.6663 26.7866 29.4663 27.9866 27.9997 27.9866H3.97301C2.51967 27.9866 1.33301 26.8 1.33301 25.3466V21.3333C1.33301 20.6 1.93301 20 2.66634 20C3.39967 20 3.99967 20.6 3.99967 21.3333V24.0266C3.99967 24.76 4.59967 25.36 5.33301 25.36H26.6663C27.3997 25.36 27.9997 24.76 27.9997 24.0266V7.98664C27.9997 7.25331 27.3997 6.65331 26.6663 6.65331H5.33301C4.59967 6.65331 3.99967 7.25331 3.99967 7.98664V10.6666C3.99967 11.4 3.39967 12 2.66634 12C1.93301 12 1.33301 11.4 1.33301 10.6666V6.67997C1.33301 5.21331 2.53301 4.01331 3.99967 4.01331ZM19.5197 16.48L15.7997 20.2C15.3863 20.6133 14.6663 20.32 14.6663 19.72V17.3333H2.66634C1.93301 17.3333 1.33301 16.7333 1.33301 16C1.33301 15.2666 1.93301 14.6666 2.66634 14.6666H14.6663V12.28C14.6663 11.68 15.3863 11.3866 15.7997 11.8133L19.5197 15.5333C19.7863 15.8 19.7863 16.2133 19.5197 16.48Z\" fill=\"black\"><\/path><\/g><\/mask><g mask=\"url(#mask0_429_9598)\"><rect id=\"Color Fill\" width=\"32\" height=\"32\" fill=\"#00FF00\"><\/rect><\/g><\/g><\/svg>\t\t\t<\/div>\n\t\t<\/div>\n\t\t\t\t\t\t<\/div>\n\t\t\t\t<div class=\"elementor-element elementor-element-7a56229 elementor-widget elementor-widget-heading\" data-id=\"7a56229\" data-element_type=\"widget\" data-e-type=\"widget\" data-widget_type=\"heading.default\">\n\t\t\t\t\t<h2 class=\"elementor-heading-title elementor-size-default\">Octopus<\/h2>\t\t\t\t<\/div>\n\t\t\t\t<div class=\"elementor-element elementor-element-5cd71ef elementor-widget elementor-widget-heading\" data-id=\"5cd71ef\" data-element_type=\"widget\" data-e-type=\"widget\" data-widget_type=\"heading.default\">\n\t\t\t\t\t<h1 class=\"elementor-heading-title elementor-size-default\">PLATFORMS<\/h1>\t\t\t\t<\/div>\n\t\t\t\t\t<\/div>\n\t\t\t\t<\/div>\n\t\t<div class=\"elementor-element elementor-element-8afdd28 e-grid e-con-boxed e-con e-parent\" data-id=\"8afdd28\" data-element_type=\"container\" data-e-type=\"container\">\n\t\t\t\t\t<div class=\"e-con-inner\">\n\t\t<div class=\"elementor-element elementor-element-5094b00 e-con-full e-flex e-con e-child\" data-id=\"5094b00\" data-element_type=\"container\" data-e-type=\"container\" data-settings=\"{&quot;background_background&quot;:&quot;gradient&quot;}\">\n\t\t\t\t<div class=\"elementor-element elementor-element-2918061 elementor-widget elementor-widget-image\" data-id=\"2918061\" data-element_type=\"widget\" data-e-type=\"widget\" data-widget_type=\"image.default\">\n\t\t\t\t\t\t\t\t\t\t\t\t\t\t\t<img fetchpriority=\"high\" decoding=\"async\" width=\"800\" height=\"800\" src=\"https:\/\/octopussignage.com\/wp-content\/uploads\/2025\/03\/Android.svg\" class=\"attachment-large size-large wp-image-8040\" alt=\"\" \/>\t\t\t\t\t\t\t\t\t\t\t\t\t\t\t<\/div>\n\t\t\t\t<div class=\"elementor-element elementor-element-4b06329 elementor-widget elementor-widget-heading\" data-id=\"4b06329\" data-element_type=\"widget\" data-e-type=\"widget\" data-widget_type=\"heading.default\">\n\t\t\t\t\t<h2 class=\"elementor-heading-title elementor-size-default\">Android<\/h2>\t\t\t\t<\/div>\n\t\t\t\t<\/div>\n\t\t<div class=\"elementor-element elementor-element-b486153 e-con-full e-flex e-con e-child\" data-id=\"b486153\" data-element_type=\"container\" data-e-type=\"container\" data-settings=\"{&quot;background_background&quot;:&quot;gradient&quot;}\">\n\t\t\t\t<div class=\"elementor-element elementor-element-8c56a00 elementor-widget elementor-widget-image\" data-id=\"8c56a00\" data-element_type=\"widget\" data-e-type=\"widget\" data-widget_type=\"image.default\">\n\t\t\t\t\t\t\t\t\t\t\t\t\t\t\t<img decoding=\"async\" width=\"800\" height=\"800\" src=\"https:\/\/octopussignage.com\/wp-content\/uploads\/2025\/03\/linux.svg\" class=\"attachment-large size-large wp-image-8041\" alt=\"\" \/>\t\t\t\t\t\t\t\t\t\t\t\t\t\t\t<\/div>\n\t\t\t\t<div class=\"elementor-element elementor-element-80a0147 elementor-widget elementor-widget-heading\" data-id=\"80a0147\" data-element_type=\"widget\" data-e-type=\"widget\" data-widget_type=\"heading.default\">\n\t\t\t\t\t<h2 class=\"elementor-heading-title elementor-size-default\">Linux<\/h2>\t\t\t\t<\/div>\n\t\t\t\t<\/div>\n\t\t<div class=\"elementor-element elementor-element-1e1962f e-con-full e-flex e-con e-child\" data-id=\"1e1962f\" data-element_type=\"container\" data-e-type=\"container\" data-settings=\"{&quot;background_background&quot;:&quot;gradient&quot;}\">\n\t\t\t\t<div class=\"elementor-element elementor-element-20114b5 elementor-widget elementor-widget-image\" data-id=\"20114b5\" data-element_type=\"widget\" data-e-type=\"widget\" data-widget_type=\"image.default\">\n\t\t\t\t\t\t\t\t\t\t\t\t\t\t\t<img decoding=\"async\" width=\"800\" height=\"800\" src=\"https:\/\/octopussignage.com\/wp-content\/uploads\/2025\/03\/windows.svg\" class=\"attachment-large size-large wp-image-8047\" alt=\"\" \/>\t\t\t\t\t\t\t\t\t\t\t\t\t\t\t<\/div>\n\t\t\t\t<div class=\"elementor-element elementor-element-e62c1a5 elementor-widget elementor-widget-heading\" data-id=\"e62c1a5\" data-element_type=\"widget\" data-e-type=\"widget\" data-widget_type=\"heading.default\">\n\t\t\t\t\t<h2 class=\"elementor-heading-title elementor-size-default\">Windows<\/h2>\t\t\t\t<\/div>\n\t\t\t\t<\/div>\n\t\t<div class=\"elementor-element elementor-element-71d45ed e-con-full e-flex e-con e-child\" data-id=\"71d45ed\" data-element_type=\"container\" data-e-type=\"container\" data-settings=\"{&quot;background_background&quot;:&quot;gradient&quot;}\">\n\t\t\t\t<div class=\"elementor-element elementor-element-371bcd5 elementor-widget elementor-widget-image\" data-id=\"371bcd5\" data-element_type=\"widget\" data-e-type=\"widget\" data-widget_type=\"image.default\">\n\t\t\t\t\t\t\t\t\t\t\t\t\t\t\t<img loading=\"lazy\" decoding=\"async\" width=\"800\" height=\"800\" src=\"https:\/\/octopussignage.com\/wp-content\/uploads\/2025\/03\/Sony.svg\" class=\"attachment-large size-large wp-image-8043\" alt=\"\" \/>\t\t\t\t\t\t\t\t\t\t\t\t\t\t\t<\/div>\n\t\t\t\t<div class=\"elementor-element elementor-element-576b783 elementor-widget elementor-widget-heading\" data-id=\"576b783\" data-element_type=\"widget\" data-e-type=\"widget\" data-widget_type=\"heading.default\">\n\t\t\t\t\t<h2 class=\"elementor-heading-title elementor-size-default\">Sony<\/h2>\t\t\t\t<\/div>\n\t\t\t\t<\/div>\n\t\t<div class=\"elementor-element elementor-element-8fc38de e-con-full e-flex e-con e-child\" data-id=\"8fc38de\" data-element_type=\"container\" data-e-type=\"container\" data-settings=\"{&quot;background_background&quot;:&quot;gradient&quot;}\">\n\t\t\t\t<div class=\"elementor-element elementor-element-380b7c0 elementor-widget elementor-widget-image\" data-id=\"380b7c0\" data-element_type=\"widget\" data-e-type=\"widget\" data-widget_type=\"image.default\">\n\t\t\t\t\t\t\t\t\t\t\t\t\t\t\t<img loading=\"lazy\" decoding=\"async\" width=\"800\" height=\"800\" src=\"https:\/\/octopussignage.com\/wp-content\/uploads\/2025\/03\/philips.svg\" class=\"attachment-large size-large wp-image-8042\" alt=\"\" \/>\t\t\t\t\t\t\t\t\t\t\t\t\t\t\t<\/div>\n\t\t\t\t<div class=\"elementor-element elementor-element-51fff1c elementor-widget elementor-widget-heading\" data-id=\"51fff1c\" data-element_type=\"widget\" data-e-type=\"widget\" data-widget_type=\"heading.default\">\n\t\t\t\t\t<h2 class=\"elementor-heading-title elementor-size-default\">Philips<\/h2>\t\t\t\t<\/div>\n\t\t\t\t<\/div>\n\t\t<div class=\"elementor-element elementor-element-19693fb e-con-full e-flex e-con e-child\" data-id=\"19693fb\" data-element_type=\"container\" data-e-type=\"container\" data-settings=\"{&quot;background_background&quot;:&quot;gradient&quot;}\">\n\t\t\t\t<div class=\"elementor-element elementor-element-07eede7 elementor-widget elementor-widget-image\" data-id=\"07eede7\" data-element_type=\"widget\" data-e-type=\"widget\" data-widget_type=\"image.default\">\n\t\t\t\t\t\t\t\t\t\t\t\t\t\t\t<img loading=\"lazy\" decoding=\"async\" width=\"800\" height=\"800\" src=\"https:\/\/octopussignage.com\/wp-content\/uploads\/2025\/03\/tizden.svg\" class=\"attachment-large size-large wp-image-8044\" alt=\"\" \/>\t\t\t\t\t\t\t\t\t\t\t\t\t\t\t<\/div>\n\t\t\t\t<div class=\"elementor-element elementor-element-044b483 elementor-widget elementor-widget-heading\" data-id=\"044b483\" data-element_type=\"widget\" data-e-type=\"widget\" data-widget_type=\"heading.default\">\n\t\t\t\t\t<h2 class=\"elementor-heading-title elementor-size-default\">Samsung Tizen<\/h2>\t\t\t\t<\/div>\n\t\t\t\t<\/div>\n\t\t<div class=\"elementor-element elementor-element-a38edd4 e-con-full e-flex e-con e-child\" data-id=\"a38edd4\" data-element_type=\"container\" data-e-type=\"container\" data-settings=\"{&quot;background_background&quot;:&quot;gradient&quot;}\">\n\t\t\t\t<div class=\"elementor-element elementor-element-e6fbde8 elementor-widget elementor-widget-image\" data-id=\"e6fbde8\" data-element_type=\"widget\" data-e-type=\"widget\" data-widget_type=\"image.default\">\n\t\t\t\t\t\t\t\t\t\t\t\t\t\t\t<img loading=\"lazy\" decoding=\"async\" width=\"800\" height=\"800\" src=\"https:\/\/octopussignage.com\/wp-content\/uploads\/2025\/03\/vestel.svg\" class=\"attachment-large size-large wp-image-8045\" alt=\"\" \/>\t\t\t\t\t\t\t\t\t\t\t\t\t\t\t<\/div>\n\t\t\t\t<div class=\"elementor-element elementor-element-5b0a983 elementor-widget elementor-widget-heading\" data-id=\"5b0a983\" data-element_type=\"widget\" data-e-type=\"widget\" data-widget_type=\"heading.default\">\n\t\t\t\t\t<h2 class=\"elementor-heading-title elementor-size-default\">Vestel<\/h2>\t\t\t\t<\/div>\n\t\t\t\t<\/div>\n\t\t<div class=\"elementor-element elementor-element-e69dc52 e-con-full e-flex e-con e-child\" data-id=\"e69dc52\" data-element_type=\"container\" data-e-type=\"container\" data-settings=\"{&quot;background_background&quot;:&quot;gradient&quot;}\">\n\t\t\t\t<div class=\"elementor-element elementor-element-69f7ab7 elementor-widget elementor-widget-image\" data-id=\"69f7ab7\" data-element_type=\"widget\" data-e-type=\"widget\" data-widget_type=\"image.default\">\n\t\t\t\t\t\t\t\t\t\t\t\t\t\t\t<img loading=\"lazy\" decoding=\"async\" width=\"800\" height=\"800\" src=\"https:\/\/octopussignage.com\/wp-content\/uploads\/2025\/03\/webos.svg\" class=\"attachment-large size-large wp-image-8046\" alt=\"\" \/>\t\t\t\t\t\t\t\t\t\t\t\t\t\t\t<\/div>\n\t\t\t\t<div class=\"elementor-element elementor-element-37150d7 elementor-widget elementor-widget-heading\" data-id=\"37150d7\" data-element_type=\"widget\" data-e-type=\"widget\" data-widget_type=\"heading.default\">\n\t\t\t\t\t<h2 class=\"elementor-heading-title elementor-size-default\">LG webOS\n<\/h2>\t\t\t\t<\/div>\n\t\t\t\t<\/div>\n\t\t\t\t\t<\/div>\n\t\t\t\t<\/div>\n\t\t\t\t<\/div>","protected":false},"excerpt":{"rendered":"<p>Octopus PLATFORMS Android Linux Windows Sony Philips Samsung Tizen Vestel LG webOS<\/p>","protected":false},"author":1,"featured_media":0,"parent":0,"menu_order":0,"comment_status":"closed","ping_status":"closed","template":"","meta":{"inline_featured_image":false,"footnotes":""},"class_list":["post-13","page","type-page","status-publish","hentry"],"yoast_head":"<!-- This site is optimized with the Yoast SEO plugin v26.9 - https:\/\/yoast.com\/product\/yoast-seo-wordpress\/ -->\n<title>Octopus Platformlar\u0131: Dijital Signage \u00c7\u00f6z\u00fcmleri<\/title>\n<meta name=\"description\" content=\"Octopus\u2019un dijital signage platformlar\u0131 ile ekranlar\u0131n\u0131z\u0131 y\u00f6netin! Video analizi, mobil entegrasyon ve daha fazlas\u0131yla etkili ileti\u015fim \u00e7\u00f6z\u00fcmleri ke\u015ffedin!\" \/>\n<meta name=\"robots\" content=\"index, follow, max-snippet:-1, max-image-preview:large, max-video-preview:-1\" \/>\n<link rel=\"canonical\" href=\"https:\/\/octopussignage.com\/en\/platforms\/\" \/>\n<meta property=\"og:locale\" content=\"en_US\" \/>\n<meta property=\"og:type\" content=\"article\" \/>\n<meta property=\"og:title\" content=\"Octopus Platformlar\u0131: Dijital Signage \u00c7\u00f6z\u00fcmleri\" \/>\n<meta property=\"og:description\" content=\"Octopus\u2019un dijital signage platformlar\u0131 ile ekranlar\u0131n\u0131z\u0131 y\u00f6netin! Video analizi, mobil entegrasyon ve daha fazlas\u0131yla etkili ileti\u015fim \u00e7\u00f6z\u00fcmleri ke\u015ffedin!\" \/>\n<meta property=\"og:url\" content=\"https:\/\/octopussignage.com\/en\/platforms\/\" \/>\n<meta property=\"og:site_name\" content=\"Octopus\" \/>\n<meta property=\"article:publisher\" content=\"https:\/\/www.facebook.com\/WeAreOctopusUK\" \/>\n<meta property=\"article:modified_time\" content=\"2025-11-12T17:09:33+00:00\" \/>\n<meta name=\"twitter:card\" content=\"summary_large_image\" \/>\n<meta name=\"twitter:site\" content=\"@WeAreOctopusUK\" \/>\n<script type=\"application\/ld+json\" class=\"yoast-schema-graph\">{\"@context\":\"https:\/\/schema.org\",\"@graph\":[{\"@type\":\"WebPage\",\"@id\":\"https:\/\/octopussignage.com\/platformlar\/\",\"url\":\"https:\/\/octopussignage.com\/platformlar\/\",\"name\":\"Octopus Platformlar\u0131: Dijital Signage \u00c7\u00f6z\u00fcmleri\",\"isPartOf\":{\"@id\":\"https:\/\/octopussignage.com\/#website\"},\"primaryImageOfPage\":{\"@id\":\"https:\/\/octopussignage.com\/platformlar\/#primaryimage\"},\"image\":{\"@id\":\"https:\/\/octopussignage.com\/platformlar\/#primaryimage\"},\"thumbnailUrl\":\"https:\/\/octopussignage.com\/wp-content\/uploads\/2025\/03\/Android.svg\",\"datePublished\":\"2024-10-16T12:45:16+00:00\",\"dateModified\":\"2025-11-12T17:09:33+00:00\",\"description\":\"Octopus\u2019un dijital signage platformlar\u0131 ile ekranlar\u0131n\u0131z\u0131 y\u00f6netin! Video analizi, mobil entegrasyon ve daha fazlas\u0131yla etkili ileti\u015fim \u00e7\u00f6z\u00fcmleri ke\u015ffedin!\",\"breadcrumb\":{\"@id\":\"https:\/\/octopussignage.com\/platformlar\/#breadcrumb\"},\"inLanguage\":\"en-US\",\"potentialAction\":[{\"@type\":\"ReadAction\",\"target\":[\"https:\/\/octopussignage.com\/platformlar\/\"]}]},{\"@type\":\"ImageObject\",\"inLanguage\":\"en-US\",\"@id\":\"https:\/\/octopussignage.com\/platformlar\/#primaryimage\",\"url\":\"https:\/\/octopussignage.com\/wp-content\/uploads\/2025\/03\/Android.svg\",\"contentUrl\":\"https:\/\/octopussignage.com\/wp-content\/uploads\/2025\/03\/Android.svg\"},{\"@type\":\"BreadcrumbList\",\"@id\":\"https:\/\/octopussignage.com\/platformlar\/#breadcrumb\",\"itemListElement\":[{\"@type\":\"ListItem\",\"position\":1,\"name\":\"Anasayfa\",\"item\":\"https:\/\/octopussignage.com\/\"},{\"@type\":\"ListItem\",\"position\":2,\"name\":\"Platformlar\"}]},{\"@type\":\"WebSite\",\"@id\":\"https:\/\/octopussignage.com\/#website\",\"url\":\"https:\/\/octopussignage.com\/\",\"name\":\"Octopus\",\"description\":\"Octopus\",\"publisher\":{\"@id\":\"https:\/\/octopussignage.com\/#organization\"},\"potentialAction\":[{\"@type\":\"SearchAction\",\"target\":{\"@type\":\"EntryPoint\",\"urlTemplate\":\"https:\/\/octopussignage.com\/?s={search_term_string}\"},\"query-input\":{\"@type\":\"PropertyValueSpecification\",\"valueRequired\":true,\"valueName\":\"search_term_string\"}}],\"inLanguage\":\"en-US\"},{\"@type\":\"Organization\",\"@id\":\"https:\/\/octopussignage.com\/#organization\",\"name\":\"Octopus\",\"url\":\"https:\/\/octopussignage.com\/\",\"logo\":{\"@type\":\"ImageObject\",\"inLanguage\":\"en-US\",\"@id\":\"https:\/\/octopussignage.com\/#\/schema\/logo\/image\/\",\"url\":\"https:\/\/octopussignage.com\/wp-content\/uploads\/2024\/10\/svg-logo.svg\",\"contentUrl\":\"https:\/\/octopussignage.com\/wp-content\/uploads\/2024\/10\/svg-logo.svg\",\"width\":45,\"height\":42,\"caption\":\"Octopus\"},\"image\":{\"@id\":\"https:\/\/octopussignage.com\/#\/schema\/logo\/image\/\"},\"sameAs\":[\"https:\/\/www.facebook.com\/WeAreOctopusUK\",\"https:\/\/x.com\/WeAreOctopusUK\",\"https:\/\/www.linkedin.com\/company\/weareoctopusuk\/\",\"https:\/\/www.instagram.com\/weareoctopusuk\/\",\"https:\/\/www.youtube.com\/@octopustechnology-octopuss6439?si=osB_2Wa4NzB0TVcp\"]}]}<\/script>\n<!-- \/ Yoast SEO plugin. -->","yoast_head_json":{"title":"Octopus Platformlar\u0131: Dijital Signage \u00c7\u00f6z\u00fcmleri","description":"Octopus\u2019un dijital signage platformlar\u0131 ile ekranlar\u0131n\u0131z\u0131 y\u00f6netin! Video analizi, mobil entegrasyon ve daha fazlas\u0131yla etkili ileti\u015fim \u00e7\u00f6z\u00fcmleri ke\u015ffedin!","robots":{"index":"index","follow":"follow","max-snippet":"max-snippet:-1","max-image-preview":"max-image-preview:large","max-video-preview":"max-video-preview:-1"},"canonical":"https:\/\/octopussignage.com\/en\/platforms\/","og_locale":"en_US","og_type":"article","og_title":"Octopus Platformlar\u0131: Dijital Signage \u00c7\u00f6z\u00fcmleri","og_description":"Octopus\u2019un dijital signage platformlar\u0131 ile ekranlar\u0131n\u0131z\u0131 y\u00f6netin! Video analizi, mobil entegrasyon ve daha fazlas\u0131yla etkili ileti\u015fim \u00e7\u00f6z\u00fcmleri ke\u015ffedin!","og_url":"https:\/\/octopussignage.com\/en\/platforms\/","og_site_name":"Octopus","article_publisher":"https:\/\/www.facebook.com\/WeAreOctopusUK","article_modified_time":"2025-11-12T17:09:33+00:00","twitter_card":"summary_large_image","twitter_site":"@WeAreOctopusUK","schema":{"@context":"https:\/\/schema.org","@graph":[{"@type":"WebPage","@id":"https:\/\/octopussignage.com\/platformlar\/","url":"https:\/\/octopussignage.com\/platformlar\/","name":"Octopus Platformlar\u0131: Dijital Signage \u00c7\u00f6z\u00fcmleri","isPartOf":{"@id":"https:\/\/octopussignage.com\/#website"},"primaryImageOfPage":{"@id":"https:\/\/octopussignage.com\/platformlar\/#primaryimage"},"image":{"@id":"https:\/\/octopussignage.com\/platformlar\/#primaryimage"},"thumbnailUrl":"https:\/\/octopussignage.com\/wp-content\/uploads\/2025\/03\/Android.svg","datePublished":"2024-10-16T12:45:16+00:00","dateModified":"2025-11-12T17:09:33+00:00","description":"Octopus\u2019un dijital signage platformlar\u0131 ile ekranlar\u0131n\u0131z\u0131 y\u00f6netin! Video analizi, mobil entegrasyon ve daha fazlas\u0131yla etkili ileti\u015fim \u00e7\u00f6z\u00fcmleri ke\u015ffedin!","breadcrumb":{"@id":"https:\/\/octopussignage.com\/platformlar\/#breadcrumb"},"inLanguage":"en-US","potentialAction":[{"@type":"ReadAction","target":["https:\/\/octopussignage.com\/platformlar\/"]}]},{"@type":"ImageObject","inLanguage":"en-US","@id":"https:\/\/octopussignage.com\/platformlar\/#primaryimage","url":"https:\/\/octopussignage.com\/wp-content\/uploads\/2025\/03\/Android.svg","contentUrl":"https:\/\/octopussignage.com\/wp-content\/uploads\/2025\/03\/Android.svg"},{"@type":"BreadcrumbList","@id":"https:\/\/octopussignage.com\/platformlar\/#breadcrumb","itemListElement":[{"@type":"ListItem","position":1,"name":"Anasayfa","item":"https:\/\/octopussignage.com\/"},{"@type":"ListItem","position":2,"name":"Platformlar"}]},{"@type":"WebSite","@id":"https:\/\/octopussignage.com\/#website","url":"https:\/\/octopussignage.com\/","name":"Octopus","description":"Octopus","publisher":{"@id":"https:\/\/octopussignage.com\/#organization"},"potentialAction":[{"@type":"SearchAction","target":{"@type":"EntryPoint","urlTemplate":"https:\/\/octopussignage.com\/?s={search_term_string}"},"query-input":{"@type":"PropertyValueSpecification","valueRequired":true,"valueName":"search_term_string"}}],"inLanguage":"en-US"},{"@type":"Organization","@id":"https:\/\/octopussignage.com\/#organization","name":"Octopus","url":"https:\/\/octopussignage.com\/","logo":{"@type":"ImageObject","inLanguage":"en-US","@id":"https:\/\/octopussignage.com\/#\/schema\/logo\/image\/","url":"https:\/\/octopussignage.com\/wp-content\/uploads\/2024\/10\/svg-logo.svg","contentUrl":"https:\/\/octopussignage.com\/wp-content\/uploads\/2024\/10\/svg-logo.svg","width":45,"height":42,"caption":"Octopus"},"image":{"@id":"https:\/\/octopussignage.com\/#\/schema\/logo\/image\/"},"sameAs":["https:\/\/www.facebook.com\/WeAreOctopusUK","https:\/\/x.com\/WeAreOctopusUK","https:\/\/www.linkedin.com\/company\/weareoctopusuk\/","https:\/\/www.instagram.com\/weareoctopusuk\/","https:\/\/www.youtube.com\/@octopustechnology-octopuss6439?si=osB_2Wa4NzB0TVcp"]}]}},"_links":{"self":[{"href":"https:\/\/octopussignage.com\/en\/wp-json\/wp\/v2\/pages\/13","targetHints":{"allow":["GET"]}}],"collection":[{"href":"https:\/\/octopussignage.com\/en\/wp-json\/wp\/v2\/pages"}],"about":[{"href":"https:\/\/octopussignage.com\/en\/wp-json\/wp\/v2\/types\/page"}],"author":[{"embeddable":true,"href":"https:\/\/octopussignage.com\/en\/wp-json\/wp\/v2\/users\/1"}],"replies":[{"embeddable":true,"href":"https:\/\/octopussignage.com\/en\/wp-json\/wp\/v2\/comments?post=13"}],"version-history":[{"count":0,"href":"https:\/\/octopussignage.com\/en\/wp-json\/wp\/v2\/pages\/13\/revisions"}],"wp:attachment":[{"href":"https:\/\/octopussignage.com\/en\/wp-json\/wp\/v2\/media?parent=13"}],"curies":[{"name":"wp","href":"https:\/\/api.w.org\/{rel}","templated":true}]}}