{"id":1073,"date":"2024-10-22T21:23:38","date_gmt":"2024-10-22T21:23:38","guid":{"rendered":"http:\/\/104.46.45.99:1881\/?page_id=1073"},"modified":"2025-07-31T14:41:36","modified_gmt":"2025-07-31T14:41:36","slug":"kigili-2","status":"publish","type":"page","link":"https:\/\/octopussignage.com\/en\/success-stories\/kigili-2\/","title":{"rendered":"Ki\u011f\u0131l\u0131"},"content":{"rendered":"<div data-elementor-type=\"wp-page\" data-elementor-id=\"1073\" class=\"elementor elementor-1073\" data-elementor-post-type=\"page\">\n\t\t\t\t<div class=\"elementor-element elementor-element-ccdb7e5 e-flex e-con-boxed e-con e-parent\" data-id=\"ccdb7e5\" data-element_type=\"container\" data-e-type=\"container\">\n\t\t\t\t\t<div class=\"e-con-inner\">\n\t\t\t\t<div class=\"elementor-element elementor-element-1c5f01b elementor-absolute elementor-hidden-desktop elementor-hidden-tablet elementor-widget elementor-widget-image\" data-id=\"1c5f01b\" data-element_type=\"widget\" data-e-type=\"widget\" data-settings=\"{&quot;_position&quot;:&quot;absolute&quot;}\" data-widget_type=\"image.default\">\n\t\t\t\t\t\t\t\t\t\t\t\t\t\t\t<img fetchpriority=\"high\" decoding=\"async\" width=\"300\" height=\"300\" src=\"https:\/\/octopussignage.com\/wp-content\/uploads\/2024\/10\/kigili-logo.svg\" class=\"attachment-medium size-medium wp-image-1092\" alt=\"\" \/>\t\t\t\t\t\t\t\t\t\t\t\t\t\t\t<\/div>\n\t\t\t\t\t<\/div>\n\t\t\t\t<\/div>\n\t\t<div class=\"elementor-element elementor-element-4af82d3 elementor-hidden-mobile e-flex e-con-boxed e-con e-parent\" data-id=\"4af82d3\" data-element_type=\"container\" data-e-type=\"container\" data-settings=\"{&quot;position&quot;:&quot;absolute&quot;}\">\n\t\t\t\t\t<div class=\"e-con-inner\">\n\t\t<div class=\"elementor-element elementor-element-81d19b5 e-con-full e-flex e-con e-child\" data-id=\"81d19b5\" data-element_type=\"container\" data-e-type=\"container\">\n\t\t\t\t<\/div>\n\t\t<div class=\"elementor-element elementor-element-8712ec9 e-con-full e-flex e-con e-child\" data-id=\"8712ec9\" data-element_type=\"container\" data-e-type=\"container\">\n\t\t\t\t<div class=\"elementor-element elementor-element-5913846 elementor-widget elementor-widget-image\" data-id=\"5913846\" data-element_type=\"widget\" data-e-type=\"widget\" data-widget_type=\"image.default\">\n\t\t\t\t\t\t\t\t\t\t\t\t\t\t\t<img fetchpriority=\"high\" decoding=\"async\" width=\"300\" height=\"300\" src=\"https:\/\/octopussignage.com\/wp-content\/uploads\/2024\/10\/kigili-logo.svg\" class=\"attachment-medium size-medium wp-image-1092\" alt=\"\" \/>\t\t\t\t\t\t\t\t\t\t\t\t\t\t\t<\/div>\n\t\t\t\t<\/div>\n\t\t<div class=\"elementor-element elementor-element-68ef8cd e-con-full e-flex e-con e-child\" data-id=\"68ef8cd\" data-element_type=\"container\" data-e-type=\"container\">\n\t\t\t\t<\/div>\n\t\t\t\t\t<\/div>\n\t\t\t\t<\/div>\n\t\t<div class=\"elementor-element elementor-element-a3d6a1b e-grid e-con-boxed e-con e-parent\" data-id=\"a3d6a1b\" data-element_type=\"container\" data-e-type=\"container\">\n\t\t\t\t\t<div class=\"e-con-inner\">\n\t\t<div class=\"elementor-element elementor-element-8d25299 e-con-full e-flex e-con e-child\" data-id=\"8d25299\" data-element_type=\"container\" data-e-type=\"container\">\n\t\t\t\t<div class=\"elementor-element elementor-element-64b19f3 elementor-view-default elementor-widget elementor-widget-icon\" data-id=\"64b19f3\" data-element_type=\"widget\" data-e-type=\"widget\" data-widget_type=\"icon.default\">\n\t\t\t\t\t\t\t<div class=\"elementor-icon-wrapper\">\n\t\t\t<div class=\"elementor-icon\">\n\t\t\t<svg xmlns=\"http:\/\/www.w3.org\/2000\/svg\" width=\"40\" height=\"40\" viewbox=\"0 0 40 40\" fill=\"none\"><g id=\"AV \/ repeat\"><mask id=\"mask0_210_1171\" style=\"mask-type:alpha\" maskunits=\"userSpaceOnUse\" x=\"5\" y=\"4\" width=\"30\" height=\"32\"><g id=\"Icon Mask\"><path id=\"Round\" fill-rule=\"evenodd\" clip-rule=\"evenodd\" d=\"M28.3334 11.6667H11.6668V16.6667C11.6668 17.5834 10.9168 18.3334 10.0001 18.3334C9.08343 18.3334 8.33343 17.5834 8.33343 16.6667V10.0001C8.33343 9.0834 9.08343 8.3334 10.0001 8.3334H28.3334V5.35006C28.3334 4.60006 29.2334 4.2334 29.7501 4.75006L34.4001 9.40006C34.7334 9.7334 34.7334 10.2501 34.4001 10.5834L29.7501 15.2334C29.2334 15.7667 28.3334 15.4001 28.3334 14.6501V11.6667ZM11.6668 28.3334H28.3334V23.3334C28.3334 22.4167 29.0834 21.6667 30.0001 21.6667C30.9168 21.6667 31.6668 22.4167 31.6668 23.3334V30.0001C31.6668 30.9167 30.9168 31.6667 30.0001 31.6667H11.6668V34.6501C11.6668 35.4001 10.7668 35.7667 10.2501 35.2501L5.6001 30.6001C5.26676 30.2667 5.26676 29.7501 5.6001 29.4167L10.2501 24.7667C10.7668 24.2334 11.6668 24.6001 11.6668 25.3501V28.3334Z\" fill=\"black\"><\/path><\/g><\/mask><g mask=\"url(#mask0_210_1171)\"><rect id=\"Color Fill\" width=\"40\" height=\"40\" fill=\"#00FF00\"><\/rect><\/g><\/g><\/svg>\t\t\t<\/div>\n\t\t<\/div>\n\t\t\t\t\t\t<\/div>\n\t\t\t\t<div class=\"elementor-element elementor-element-83fa035 elementor-widget elementor-widget-text-editor\" data-id=\"83fa035\" data-element_type=\"widget\" data-e-type=\"widget\" data-widget_type=\"text-editor.default\">\n\t\t\t\t\t\t\t\t\t<p>Increased Communication<\/p>\t\t\t\t\t\t\t\t<\/div>\n\t\t\t\t<div class=\"elementor-element elementor-element-c892ad4 elementor-widget elementor-widget-heading\" data-id=\"c892ad4\" data-element_type=\"widget\" data-e-type=\"widget\" data-widget_type=\"heading.default\">\n\t\t\t\t\t<h2 class=\"elementor-heading-title elementor-size-default\">3x<\/h2>\t\t\t\t<\/div>\n\t\t\t\t<\/div>\n\t\t<div class=\"elementor-element elementor-element-76d7bcf e-con-full e-flex e-con e-child\" data-id=\"76d7bcf\" data-element_type=\"container\" data-e-type=\"container\">\n\t\t\t\t<div class=\"elementor-element elementor-element-888faab elementor-view-default elementor-widget elementor-widget-icon\" data-id=\"888faab\" data-element_type=\"widget\" data-e-type=\"widget\" data-widget_type=\"icon.default\">\n\t\t\t\t\t\t\t<div class=\"elementor-icon-wrapper\">\n\t\t\t<div class=\"elementor-icon\">\n\t\t\t<svg xmlns=\"http:\/\/www.w3.org\/2000\/svg\" width=\"40\" height=\"40\" viewbox=\"0 0 40 40\" fill=\"none\"><g id=\"AV \/ airplay\"><mask id=\"mask0_210_1165\" style=\"mask-type:alpha\" maskunits=\"userSpaceOnUse\" x=\"1\" y=\"4\" width=\"38\" height=\"32\"><g id=\"Icon Mask\"><path id=\"Round\" fill-rule=\"evenodd\" clip-rule=\"evenodd\" d=\"M4.99984 4.16663H34.9998C36.8332 4.16663 38.3332 5.66663 38.3332 7.49996V27.5C38.3332 29.3333 36.8332 30.8333 34.9998 30.8333H29.9998C29.0832 30.8333 28.3332 30.0833 28.3332 29.1666C28.3332 28.25 29.0832 27.5 29.9998 27.5H33.3332C34.2498 27.5 34.9998 26.75 34.9998 25.8333V9.16663C34.9998 8.24996 34.2498 7.49996 33.3332 7.49996H6.6665C5.74984 7.49996 4.99984 8.24996 4.99984 9.16663V25.8333C4.99984 26.75 5.74984 27.5 6.6665 27.5H9.99984C10.9165 27.5 11.6665 28.25 11.6665 29.1666C11.6665 30.0833 10.9165 30.8333 9.99984 30.8333H4.99984C3.1665 30.8333 1.6665 29.3333 1.6665 27.5V7.49996C1.6665 5.66663 3.1665 4.16663 4.99984 4.16663ZM27.1494 32.9832C28.1994 34.0332 27.4494 35.8332 25.966 35.8332H14.016C12.5327 35.8332 11.7994 34.0332 12.8327 32.9832L18.816 26.9999C19.1274 26.6878 19.5502 26.5124 19.991 26.5124C20.4319 26.5124 20.8547 26.6878 21.166 26.9999L27.1494 32.9832Z\" fill=\"black\"><\/path><\/g><\/mask><g mask=\"url(#mask0_210_1165)\"><rect id=\"Color Fill\" width=\"40\" height=\"40\" fill=\"#00FF00\"><\/rect><\/g><\/g><\/svg>\t\t\t<\/div>\n\t\t<\/div>\n\t\t\t\t\t\t<\/div>\n\t\t\t\t<div class=\"elementor-element elementor-element-ffcde51 elementor-widget elementor-widget-text-editor\" data-id=\"ffcde51\" data-element_type=\"widget\" data-e-type=\"widget\" data-widget_type=\"text-editor.default\">\n\t\t\t\t\t\t\t\t\t<p>More Conditioned Content<\/p>\t\t\t\t\t\t\t\t<\/div>\n\t\t\t\t<div class=\"elementor-element elementor-element-7db7eea elementor-widget elementor-widget-heading\" data-id=\"7db7eea\" data-element_type=\"widget\" data-e-type=\"widget\" data-widget_type=\"heading.default\">\n\t\t\t\t\t<h2 class=\"elementor-heading-title elementor-size-default\">%120<\/h2>\t\t\t\t<\/div>\n\t\t\t\t<\/div>\n\t\t<div class=\"elementor-element elementor-element-bf3d634 e-con-full e-flex e-con e-child\" data-id=\"bf3d634\" data-element_type=\"container\" data-e-type=\"container\">\n\t\t\t\t<div class=\"elementor-element elementor-element-4e41975 elementor-view-default elementor-widget elementor-widget-icon\" data-id=\"4e41975\" data-element_type=\"widget\" data-e-type=\"widget\" data-widget_type=\"icon.default\">\n\t\t\t\t\t\t\t<div class=\"elementor-icon-wrapper\">\n\t\t\t<div class=\"elementor-icon\">\n\t\t\t<svg xmlns=\"http:\/\/www.w3.org\/2000\/svg\" width=\"40\" height=\"40\" viewbox=\"0 0 40 40\" fill=\"none\"><g id=\"Content \/ how to_reg\"><mask id=\"mask0_210_1158\" style=\"mask-type:alpha\" maskunits=\"userSpaceOnUse\" x=\"4\" y=\"6\" width=\"32\" height=\"28\"><g id=\"Icon Mask\"><path id=\"Round\" fill-rule=\"evenodd\" clip-rule=\"evenodd\" d=\"M17.8289 19.9395C21.5123 19.9395 24.4956 16.9562 24.4956 13.2729C24.4956 9.58953 21.5123 6.6062 17.8289 6.6062C14.1456 6.6062 11.1623 9.58953 11.1623 13.2729C11.1623 16.9562 14.1456 19.9395 17.8289 19.9395ZM19.4956 33.2729L18.0623 31.8395C16.0956 29.8729 16.1123 26.6729 18.0956 24.7395L19.4956 23.3729C18.8456 23.3062 18.3623 23.2729 17.8289 23.2729C13.3789 23.2729 4.49561 25.5062 4.49561 29.9395V33.2729H19.4956ZM24.0961 32.9062C24.7461 33.5562 25.8127 33.5562 26.4627 32.9062L35.0294 24.2728C35.6627 23.6395 35.6627 22.6062 35.0294 21.9562L35.0127 21.9395C34.3627 21.2895 33.3127 21.2895 32.6627 21.9395L25.2794 29.3728L22.9961 27.0895C22.3627 26.4395 21.3127 26.4395 20.6627 27.0895L20.6461 27.1062C20.0127 27.7395 20.0127 28.7728 20.6461 29.4228L24.0961 32.9062Z\" fill=\"black\"><\/path><\/g><\/mask><g mask=\"url(#mask0_210_1158)\"><rect id=\"Color Fill\" width=\"40\" height=\"40\" fill=\"#00FF00\"><\/rect><\/g><\/g><\/svg>\t\t\t<\/div>\n\t\t<\/div>\n\t\t\t\t\t\t<\/div>\n\t\t\t\t<div class=\"elementor-element elementor-element-bfa5906 elementor-widget elementor-widget-text-editor\" data-id=\"bfa5906\" data-element_type=\"widget\" data-e-type=\"widget\" data-widget_type=\"text-editor.default\">\n\t\t\t\t\t\t\t\t\t<p>Privileged Target Audience<\/p>\t\t\t\t\t\t\t\t<\/div>\n\t\t\t\t<div class=\"elementor-element elementor-element-aa77a9d elementor-widget elementor-widget-heading\" data-id=\"aa77a9d\" data-element_type=\"widget\" data-e-type=\"widget\" data-widget_type=\"heading.default\">\n\t\t\t\t\t<h2 class=\"elementor-heading-title elementor-size-default\">Privileged<\/h2>\t\t\t\t<\/div>\n\t\t\t\t<\/div>\n\t\t\t\t\t<\/div>\n\t\t\t\t<\/div>\n\t\t<div class=\"elementor-element elementor-element-ca7aebe e-grid e-con-boxed e-con e-parent\" data-id=\"ca7aebe\" data-element_type=\"container\" data-e-type=\"container\">\n\t\t\t\t\t<div class=\"e-con-inner\">\n\t\t<div class=\"elementor-element elementor-element-ccb121f e-con-full e-flex e-con e-child\" data-id=\"ccb121f\" data-element_type=\"container\" data-e-type=\"container\" data-settings=\"{&quot;background_background&quot;:&quot;classic&quot;}\">\n\t\t\t\t<div class=\"elementor-element elementor-element-881c8b7 elementor-widget elementor-widget-heading\" data-id=\"881c8b7\" data-element_type=\"widget\" data-e-type=\"widget\" data-widget_type=\"heading.default\">\n\t\t\t\t\t<h2 class=\"elementor-heading-title elementor-size-default\">Problem<\/h2>\t\t\t\t<\/div>\n\t\t\t\t<div class=\"elementor-element elementor-element-b9febde elementor-widget elementor-widget-text-editor\" data-id=\"b9febde\" data-element_type=\"widget\" data-e-type=\"widget\" data-widget_type=\"text-editor.default\">\n\t\t\t\t\t\t\t\t\t<p>Men's clothing brand Ki\u011f\u0131l\u0131 had over 250 screens supported by a centralized display management system. However, due to the brand's exclusive focus on men, these systems were insufficient to effectively reach the target audience. With no way to measure the success of the content being displayed or receive feedback, marketing and sales decisions were based on general opinion, and the accuracy of these choices was uncertain.<\/p>\t\t\t\t\t\t\t\t<\/div>\n\t\t\t\t<\/div>\n\t\t<div class=\"elementor-element elementor-element-021c5cf e-con-full e-flex e-con e-child\" data-id=\"021c5cf\" data-element_type=\"container\" data-e-type=\"container\" data-settings=\"{&quot;background_background&quot;:&quot;classic&quot;}\">\n\t\t\t\t<div class=\"elementor-element elementor-element-a8af3d7 elementor-widget elementor-widget-heading\" data-id=\"a8af3d7\" data-element_type=\"widget\" data-e-type=\"widget\" data-widget_type=\"heading.default\">\n\t\t\t\t\t<h2 class=\"elementor-heading-title elementor-size-default\">Solution<\/h2>\t\t\t\t<\/div>\n\t\t\t\t<div class=\"elementor-element elementor-element-b013ff1 elementor-widget elementor-widget-text-editor\" data-id=\"b013ff1\" data-element_type=\"widget\" data-e-type=\"widget\" data-widget_type=\"text-editor.default\">\n\t\t\t\t\t\t\t\t\t<p>Octopus launched its Video Analytics service, which includes Conditional Content feature, in Ki\u011f\u0131l\u0131 stores. This strategic implementation allowed Ki\u011f\u0131l\u0131 to effectively engage with the target audience\/visitors, ensuring that communication takes place at exactly the right time for optimum impact, while enabling comprehensive target audience analysis. As a result, screens in stores seamlessly transformed into dynamic communication channels. This evolution plays an important role in Ki\u011f\u0131l\u0131's strategy and encourages the development of different communication approaches tailored to specific branches.<\/p>\t\t\t\t\t\t\t\t<\/div>\n\t\t\t\t<\/div>\n\t\t<div class=\"elementor-element elementor-element-b60b69c e-con-full e-flex e-con e-child\" data-id=\"b60b69c\" data-element_type=\"container\" data-e-type=\"container\" data-settings=\"{&quot;background_background&quot;:&quot;classic&quot;}\">\n\t\t\t\t<div class=\"elementor-element elementor-element-679d56a elementor-widget elementor-widget-heading\" data-id=\"679d56a\" data-element_type=\"widget\" data-e-type=\"widget\" data-widget_type=\"heading.default\">\n\t\t\t\t\t<h2 class=\"elementor-heading-title elementor-size-default\">Results<\/h2>\t\t\t\t<\/div>\n\t\t\t\t<div class=\"elementor-element elementor-element-412b016 elementor-widget elementor-widget-text-editor\" data-id=\"412b016\" data-element_type=\"widget\" data-e-type=\"widget\" data-widget_type=\"text-editor.default\">\n\t\t\t\t\t\t\t\t\t<p>Ki\u011f\u0131l\u0131 conducts customer analysis based on real data in branches where Octopus technology is applied. Thanks to the insights gained from this data, the brand is able to communicate effectively with male customers, its primary target audience.<\/p>\t\t\t\t\t\t\t\t<\/div>\n\t\t\t\t<\/div>\n\t\t\t\t\t<\/div>\n\t\t\t\t<\/div>\n\t\t<div class=\"elementor-element elementor-element-334e7c9 e-flex e-con-boxed e-con e-parent\" data-id=\"334e7c9\" data-element_type=\"container\" data-e-type=\"container\">\n\t\t\t\t\t<div class=\"e-con-inner\">\n\t\t\t\t<div class=\"elementor-element elementor-element-6912648 elementor-widget__width-inherit elementor-widget elementor-widget-video\" data-id=\"6912648\" data-element_type=\"widget\" data-e-type=\"widget\" data-settings=\"{&quot;youtube_url&quot;:&quot;https:\\\/\\\/youtu.be\\\/EK3t_dpsy10&quot;,&quot;video_type&quot;:&quot;youtube&quot;,&quot;controls&quot;:&quot;yes&quot;}\" data-widget_type=\"video.default\">\n\t\t\t\t\t\t\t<div class=\"elementor-wrapper elementor-open-inline\">\n\t\t\t<div class=\"elementor-video\"><\/div>\t\t<\/div>\n\t\t\t\t\t\t<\/div>\n\t\t\t\t\t<\/div>\n\t\t\t\t<\/div>\n\t\t<div class=\"elementor-element elementor-element-f3fdef7 e-flex e-con-boxed e-con e-parent\" data-id=\"f3fdef7\" data-element_type=\"container\" data-e-type=\"container\">\n\t\t\t\t\t<div class=\"e-con-inner\">\n\t\t\t\t\t<\/div>\n\t\t\t\t<\/div>\n\t\t\t\t<\/div>","protected":false},"excerpt":{"rendered":"<p>\u0130leti\u015fim Art\u0131\u015f\u0131 3x Daha Fazla Ko\u015fulland\u0131r\u0131lm\u0131\u015f \u0130\u00e7erik %120 Ayr\u0131cal\u0131kl\u0131 Hedef Kitle Ayr\u0131cal\u0131kl\u0131 Problem Erkek giyim markas\u0131 Ki\u011f\u0131l\u0131\u2019n\u0131n merkezi ekran y\u00f6netim sistemiyle desteklenen 250\u2019nin \u00fczerinde ekran\u0131 bulunuyordu. Ancak markan\u0131n sadece erkeklere odaklanmas\u0131 nedeniyle bu sistemler hedef kitleye etkili bir \u015fekilde ula\u015fmada yetersizdi. G\u00f6r\u00fcnt\u00fclenen i\u00e7eri\u011fin ba\u015far\u0131s\u0131n\u0131 \u00f6l\u00e7menin veya geri bildirim alman\u0131n hi\u00e7bir yolu olmad\u0131\u011f\u0131ndan, pazarlama ve sat\u0131\u015f [&hellip;]<\/p>","protected":false},"author":1,"featured_media":0,"parent":7615,"menu_order":0,"comment_status":"closed","ping_status":"closed","template":"","meta":{"inline_featured_image":false,"footnotes":""},"class_list":["post-1073","page","type-page","status-publish","hentry"],"yoast_head":"<!-- This site is optimized with the Yoast SEO plugin v26.9 - https:\/\/yoast.com\/product\/yoast-seo-wordpress\/ -->\n<title>Ki\u011f\u0131l\u0131\u2019n\u0131n Octopus ile Etkili \u0130leti\u015fim Ba\u015far\u0131 Hikayesi - Octopus<\/title>\n<meta name=\"description\" content=\"Ki\u011f\u0131l\u0131, Octopus\u2019un Video Analiz teknolojisiyle 250+ ekranda erkek hedef kitleye 0 etkili ileti\u015fim kurdu. Dinamik ma\u011faza ileti\u015fimi!\" \/>\n<meta name=\"robots\" content=\"index, follow, max-snippet:-1, max-image-preview:large, max-video-preview:-1\" \/>\n<link rel=\"canonical\" href=\"https:\/\/octopussignage.com\/en\/success-stories\/kigili-2\/\" \/>\n<meta property=\"og:locale\" content=\"en_US\" \/>\n<meta property=\"og:type\" content=\"article\" \/>\n<meta property=\"og:title\" content=\"Ki\u011f\u0131l\u0131\u2019n\u0131n Octopus ile Etkili \u0130leti\u015fim Ba\u015far\u0131 Hikayesi - Octopus\" \/>\n<meta property=\"og:description\" content=\"Ki\u011f\u0131l\u0131, Octopus\u2019un Video Analiz teknolojisiyle 250+ ekranda erkek hedef kitleye 0 etkili ileti\u015fim kurdu. Dinamik ma\u011faza ileti\u015fimi!\" \/>\n<meta property=\"og:url\" content=\"https:\/\/octopussignage.com\/en\/success-stories\/kigili-2\/\" \/>\n<meta property=\"og:site_name\" content=\"Octopus\" \/>\n<meta property=\"article:publisher\" content=\"https:\/\/www.facebook.com\/WeAreOctopusUK\" \/>\n<meta property=\"article:modified_time\" content=\"2025-07-31T14:41:36+00:00\" \/>\n<meta property=\"og:image\" content=\"https:\/\/octopussignage.com\/wp-content\/uploads\/2024\/10\/kigili-logo.svg\" \/>\n<meta name=\"twitter:card\" content=\"summary_large_image\" \/>\n<meta name=\"twitter:site\" content=\"@WeAreOctopusUK\" \/>\n<script type=\"application\/ld+json\" class=\"yoast-schema-graph\">{\"@context\":\"https:\/\/schema.org\",\"@graph\":[{\"@type\":\"WebPage\",\"@id\":\"https:\/\/octopussignage.com\/basari-hikayeleri\/kigili-2\/\",\"url\":\"https:\/\/octopussignage.com\/basari-hikayeleri\/kigili-2\/\",\"name\":\"Ki\u011f\u0131l\u0131\u2019n\u0131n Octopus ile Etkili \u0130leti\u015fim Ba\u015far\u0131 Hikayesi - Octopus\",\"isPartOf\":{\"@id\":\"https:\/\/octopussignage.com\/#website\"},\"primaryImageOfPage\":{\"@id\":\"https:\/\/octopussignage.com\/basari-hikayeleri\/kigili-2\/#primaryimage\"},\"image\":{\"@id\":\"https:\/\/octopussignage.com\/basari-hikayeleri\/kigili-2\/#primaryimage\"},\"thumbnailUrl\":\"https:\/\/octopussignage.com\/wp-content\/uploads\/2024\/10\/kigili-logo.svg\",\"datePublished\":\"2024-10-22T21:23:38+00:00\",\"dateModified\":\"2025-07-31T14:41:36+00:00\",\"description\":\"Ki\u011f\u0131l\u0131, Octopus\u2019un Video Analiz teknolojisiyle 250+ ekranda erkek hedef kitleye 0 etkili ileti\u015fim kurdu. Dinamik ma\u011faza ileti\u015fimi!\",\"breadcrumb\":{\"@id\":\"https:\/\/octopussignage.com\/basari-hikayeleri\/kigili-2\/#breadcrumb\"},\"inLanguage\":\"en-US\",\"potentialAction\":[{\"@type\":\"ReadAction\",\"target\":[\"https:\/\/octopussignage.com\/basari-hikayeleri\/kigili-2\/\"]}]},{\"@type\":\"ImageObject\",\"inLanguage\":\"en-US\",\"@id\":\"https:\/\/octopussignage.com\/basari-hikayeleri\/kigili-2\/#primaryimage\",\"url\":\"https:\/\/octopussignage.com\/wp-content\/uploads\/2024\/10\/kigili-logo.svg\",\"contentUrl\":\"https:\/\/octopussignage.com\/wp-content\/uploads\/2024\/10\/kigili-logo.svg\"},{\"@type\":\"BreadcrumbList\",\"@id\":\"https:\/\/octopussignage.com\/basari-hikayeleri\/kigili-2\/#breadcrumb\",\"itemListElement\":[{\"@type\":\"ListItem\",\"position\":1,\"name\":\"Anasayfa\",\"item\":\"https:\/\/octopussignage.com\/\"},{\"@type\":\"ListItem\",\"position\":2,\"name\":\"Ba\u015far\u0131 Hikayeleri\",\"item\":\"https:\/\/octopussignage.com\/basari-hikayeleri\/\"},{\"@type\":\"ListItem\",\"position\":3,\"name\":\"Ki\u011f\u0131l\u0131\"}]},{\"@type\":\"WebSite\",\"@id\":\"https:\/\/octopussignage.com\/#website\",\"url\":\"https:\/\/octopussignage.com\/\",\"name\":\"Octopus\",\"description\":\"Octopus\",\"publisher\":{\"@id\":\"https:\/\/octopussignage.com\/#organization\"},\"potentialAction\":[{\"@type\":\"SearchAction\",\"target\":{\"@type\":\"EntryPoint\",\"urlTemplate\":\"https:\/\/octopussignage.com\/?s={search_term_string}\"},\"query-input\":{\"@type\":\"PropertyValueSpecification\",\"valueRequired\":true,\"valueName\":\"search_term_string\"}}],\"inLanguage\":\"en-US\"},{\"@type\":\"Organization\",\"@id\":\"https:\/\/octopussignage.com\/#organization\",\"name\":\"Octopus\",\"url\":\"https:\/\/octopussignage.com\/\",\"logo\":{\"@type\":\"ImageObject\",\"inLanguage\":\"en-US\",\"@id\":\"https:\/\/octopussignage.com\/#\/schema\/logo\/image\/\",\"url\":\"https:\/\/octopussignage.com\/wp-content\/uploads\/2024\/10\/svg-logo.svg\",\"contentUrl\":\"https:\/\/octopussignage.com\/wp-content\/uploads\/2024\/10\/svg-logo.svg\",\"width\":45,\"height\":42,\"caption\":\"Octopus\"},\"image\":{\"@id\":\"https:\/\/octopussignage.com\/#\/schema\/logo\/image\/\"},\"sameAs\":[\"https:\/\/www.facebook.com\/WeAreOctopusUK\",\"https:\/\/x.com\/WeAreOctopusUK\",\"https:\/\/www.linkedin.com\/company\/weareoctopusuk\/\",\"https:\/\/www.instagram.com\/weareoctopusuk\/\",\"https:\/\/www.youtube.com\/@octopustechnology-octopuss6439?si=osB_2Wa4NzB0TVcp\"]}]}<\/script>\n<!-- \/ Yoast SEO plugin. -->","yoast_head_json":{"title":"Ki\u011f\u0131l\u0131\u2019n\u0131n Octopus ile Etkili \u0130leti\u015fim Ba\u015far\u0131 Hikayesi - Octopus","description":"Ki\u011f\u0131l\u0131, Octopus\u2019un Video Analiz teknolojisiyle 250+ ekranda erkek hedef kitleye 0 etkili ileti\u015fim kurdu. Dinamik ma\u011faza ileti\u015fimi!","robots":{"index":"index","follow":"follow","max-snippet":"max-snippet:-1","max-image-preview":"max-image-preview:large","max-video-preview":"max-video-preview:-1"},"canonical":"https:\/\/octopussignage.com\/en\/success-stories\/kigili-2\/","og_locale":"en_US","og_type":"article","og_title":"Ki\u011f\u0131l\u0131\u2019n\u0131n Octopus ile Etkili \u0130leti\u015fim Ba\u015far\u0131 Hikayesi - Octopus","og_description":"Ki\u011f\u0131l\u0131, Octopus\u2019un Video Analiz teknolojisiyle 250+ ekranda erkek hedef kitleye 0 etkili ileti\u015fim kurdu. Dinamik ma\u011faza ileti\u015fimi!","og_url":"https:\/\/octopussignage.com\/en\/success-stories\/kigili-2\/","og_site_name":"Octopus","article_publisher":"https:\/\/www.facebook.com\/WeAreOctopusUK","article_modified_time":"2025-07-31T14:41:36+00:00","og_image":[{"url":"https:\/\/octopussignage.com\/wp-content\/uploads\/2024\/10\/kigili-logo.svg","type":"","width":"","height":""}],"twitter_card":"summary_large_image","twitter_site":"@WeAreOctopusUK","schema":{"@context":"https:\/\/schema.org","@graph":[{"@type":"WebPage","@id":"https:\/\/octopussignage.com\/basari-hikayeleri\/kigili-2\/","url":"https:\/\/octopussignage.com\/basari-hikayeleri\/kigili-2\/","name":"Ki\u011f\u0131l\u0131\u2019n\u0131n Octopus ile Etkili \u0130leti\u015fim Ba\u015far\u0131 Hikayesi - Octopus","isPartOf":{"@id":"https:\/\/octopussignage.com\/#website"},"primaryImageOfPage":{"@id":"https:\/\/octopussignage.com\/basari-hikayeleri\/kigili-2\/#primaryimage"},"image":{"@id":"https:\/\/octopussignage.com\/basari-hikayeleri\/kigili-2\/#primaryimage"},"thumbnailUrl":"https:\/\/octopussignage.com\/wp-content\/uploads\/2024\/10\/kigili-logo.svg","datePublished":"2024-10-22T21:23:38+00:00","dateModified":"2025-07-31T14:41:36+00:00","description":"Ki\u011f\u0131l\u0131, Octopus\u2019un Video Analiz teknolojisiyle 250+ ekranda erkek hedef kitleye 0 etkili ileti\u015fim kurdu. Dinamik ma\u011faza ileti\u015fimi!","breadcrumb":{"@id":"https:\/\/octopussignage.com\/basari-hikayeleri\/kigili-2\/#breadcrumb"},"inLanguage":"en-US","potentialAction":[{"@type":"ReadAction","target":["https:\/\/octopussignage.com\/basari-hikayeleri\/kigili-2\/"]}]},{"@type":"ImageObject","inLanguage":"en-US","@id":"https:\/\/octopussignage.com\/basari-hikayeleri\/kigili-2\/#primaryimage","url":"https:\/\/octopussignage.com\/wp-content\/uploads\/2024\/10\/kigili-logo.svg","contentUrl":"https:\/\/octopussignage.com\/wp-content\/uploads\/2024\/10\/kigili-logo.svg"},{"@type":"BreadcrumbList","@id":"https:\/\/octopussignage.com\/basari-hikayeleri\/kigili-2\/#breadcrumb","itemListElement":[{"@type":"ListItem","position":1,"name":"Anasayfa","item":"https:\/\/octopussignage.com\/"},{"@type":"ListItem","position":2,"name":"Ba\u015far\u0131 Hikayeleri","item":"https:\/\/octopussignage.com\/basari-hikayeleri\/"},{"@type":"ListItem","position":3,"name":"Ki\u011f\u0131l\u0131"}]},{"@type":"WebSite","@id":"https:\/\/octopussignage.com\/#website","url":"https:\/\/octopussignage.com\/","name":"Octopus","description":"Octopus","publisher":{"@id":"https:\/\/octopussignage.com\/#organization"},"potentialAction":[{"@type":"SearchAction","target":{"@type":"EntryPoint","urlTemplate":"https:\/\/octopussignage.com\/?s={search_term_string}"},"query-input":{"@type":"PropertyValueSpecification","valueRequired":true,"valueName":"search_term_string"}}],"inLanguage":"en-US"},{"@type":"Organization","@id":"https:\/\/octopussignage.com\/#organization","name":"Octopus","url":"https:\/\/octopussignage.com\/","logo":{"@type":"ImageObject","inLanguage":"en-US","@id":"https:\/\/octopussignage.com\/#\/schema\/logo\/image\/","url":"https:\/\/octopussignage.com\/wp-content\/uploads\/2024\/10\/svg-logo.svg","contentUrl":"https:\/\/octopussignage.com\/wp-content\/uploads\/2024\/10\/svg-logo.svg","width":45,"height":42,"caption":"Octopus"},"image":{"@id":"https:\/\/octopussignage.com\/#\/schema\/logo\/image\/"},"sameAs":["https:\/\/www.facebook.com\/WeAreOctopusUK","https:\/\/x.com\/WeAreOctopusUK","https:\/\/www.linkedin.com\/company\/weareoctopusuk\/","https:\/\/www.instagram.com\/weareoctopusuk\/","https:\/\/www.youtube.com\/@octopustechnology-octopuss6439?si=osB_2Wa4NzB0TVcp"]}]}},"_links":{"self":[{"href":"https:\/\/octopussignage.com\/en\/wp-json\/wp\/v2\/pages\/1073","targetHints":{"allow":["GET"]}}],"collection":[{"href":"https:\/\/octopussignage.com\/en\/wp-json\/wp\/v2\/pages"}],"about":[{"href":"https:\/\/octopussignage.com\/en\/wp-json\/wp\/v2\/types\/page"}],"author":[{"embeddable":true,"href":"https:\/\/octopussignage.com\/en\/wp-json\/wp\/v2\/users\/1"}],"replies":[{"embeddable":true,"href":"https:\/\/octopussignage.com\/en\/wp-json\/wp\/v2\/comments?post=1073"}],"version-history":[{"count":0,"href":"https:\/\/octopussignage.com\/en\/wp-json\/wp\/v2\/pages\/1073\/revisions"}],"up":[{"embeddable":true,"href":"https:\/\/octopussignage.com\/en\/wp-json\/wp\/v2\/pages\/7615"}],"wp:attachment":[{"href":"https:\/\/octopussignage.com\/en\/wp-json\/wp\/v2\/media?parent=1073"}],"curies":[{"name":"wp","href":"https:\/\/api.w.org\/{rel}","templated":true}]}}